{"id":1297,"date":"2024-10-02T20:34:51","date_gmt":"2024-10-02T20:34:51","guid":{"rendered":"https:\/\/resilienceinitiative.org\/?page_id=1297"},"modified":"2025-05-20T20:58:56","modified_gmt":"2025-05-20T20:58:56","slug":"for-funders","status":"publish","type":"page","link":"https:\/\/resilienceinitiative.org\/es\/for-funders\/","title":{"rendered":"Para los financiadores"},"content":{"rendered":"<div data-elementor-type=\"wp-page\" data-elementor-id=\"1297\" class=\"elementor elementor-1297\" data-elementor-post-type=\"page\">\n\t\t\t\t<div class=\"elementor-element elementor-element-78739c0 ri-bg-beige elementor-container-spacing-section-l e-flex e-con-boxed e-con e-parent\" data-id=\"78739c0\" data-element_type=\"container\" data-e-type=\"container\" data-settings=\"{&quot;container_padding&quot;:&quot;section-l&quot;}\">\n\t\t\t\t\t<div class=\"e-con-inner\">\n\t\t<div class=\"elementor-element elementor-element-0ea914a e-flex e-con-boxed e-con e-child\" data-id=\"0ea914a\" data-element_type=\"container\" data-e-type=\"container\">\n\t\t\t\t\t<div class=\"e-con-inner\">\n\t\t\t\t<div class=\"elementor-element elementor-element-7bed0a1 elementor-widget elementor-widget-heading\" data-id=\"7bed0a1\" data-element_type=\"widget\" data-e-type=\"widget\" data-widget_type=\"heading.default\">\n\t\t\t\t<div class=\"elementor-widget-container\">\n\t\t\t\t\t<h1 class=\"elementor-heading-title elementor-size-default\">PARA LOS FINANCIADORES<\/h1>\t\t\t\t<\/div>\n\t\t\t\t<\/div>\n\t\t\t\t<div class=\"elementor-element elementor-element-9613a3c elementor-invisible elementor-widget elementor-widget-heading\" data-id=\"9613a3c\" data-element_type=\"widget\" data-e-type=\"widget\" data-settings=\"{&quot;_animation&quot;:&quot;fadeInUp&quot;}\" data-widget_type=\"heading.default\">\n\t\t\t\t<div class=\"elementor-widget-container\">\n\t\t\t\t\t<div class=\"elementor-heading-title elementor-size-default\">Ofrecer servicios de refuerzo de las capacidades<\/div>\t\t\t\t<\/div>\n\t\t\t\t<\/div>\n\t\t\t\t<div class=\"elementor-element elementor-element-9eddd4e elementor-widget__width-initial elementor-invisible elementor-widget elementor-widget-text-editor\" data-id=\"9eddd4e\" data-element_type=\"widget\" data-e-type=\"widget\" data-settings=\"{&quot;_animation&quot;:&quot;fadeInUp&quot;,&quot;_animation_delay&quot;:200}\" data-widget_type=\"text-editor.default\">\n\t\t\t\t<div class=\"elementor-widget-container\">\n\t\t\t\t\t\t\t\t\t<p><span style=\"text-wrap-mode: initial; color: var( --e-global-color-primary ); font-size: var( --e-global-typography-cd50484-font-size ); font-weight: var( --e-global-typography-cd50484-font-weight ); font-family: var( --e-global-typography-67cda58-font-family ), Inter, sans-serif;\">Invitamos a los financiadores alineados con los valores a obtener m\u00e1s informaci\u00f3n sobre Resilience Initiative y sobre c\u00f3mo nuestras talleres apoyan la resiliencia operativa de las organizaciones y el bienestar personal de las personas que impulsan los movimientos de cambio social y medioambiental.<\/span><\/p>\t\t\t\t\t\t\t\t<\/div>\n\t\t\t\t<\/div>\n\t\t\t\t<div class=\"elementor-element elementor-element-c3707b1 elementor-widget__width-auto elementor-absolute mp-seeds-simple elementor-widget elementor-widget-image\" data-id=\"c3707b1\" data-element_type=\"widget\" data-e-type=\"widget\" data-settings=\"{&quot;_position&quot;:&quot;absolute&quot;}\" data-widget_type=\"image.default\">\n\t\t\t\t<div class=\"elementor-widget-container\">\n\t\t\t\t\t\t\t\t\t\t\t\t\t\t\t<img fetchpriority=\"high\" decoding=\"async\" width=\"800\" height=\"315\" src=\"https:\/\/resilienceinitiative.org\/wp-content\/uploads\/2024\/10\/dandelion-flowing-1024x403.png\" class=\"attachment-large size-large wp-image-2302\" alt=\"flowing dandelion seeds\" srcset=\"https:\/\/resilienceinitiative.org\/wp-content\/uploads\/2024\/10\/dandelion-flowing-1024x403.png 1024w, https:\/\/resilienceinitiative.org\/wp-content\/uploads\/2024\/10\/dandelion-flowing-300x118.png 300w, https:\/\/resilienceinitiative.org\/wp-content\/uploads\/2024\/10\/dandelion-flowing-768x302.png 768w, https:\/\/resilienceinitiative.org\/wp-content\/uploads\/2024\/10\/dandelion-flowing-1536x604.png 1536w, https:\/\/resilienceinitiative.org\/wp-content\/uploads\/2024\/10\/dandelion-flowing-18x7.png 18w, https:\/\/resilienceinitiative.org\/wp-content\/uploads\/2024\/10\/dandelion-flowing.png 1568w\" sizes=\"(max-width: 800px) 100vw, 800px\" \/>\t\t\t\t\t\t\t\t\t\t\t\t\t\t\t<\/div>\n\t\t\t\t<\/div>\n\t\t\t\t\t<\/div>\n\t\t\t\t<\/div>\n\t\t<div class=\"elementor-element elementor-element-ed209dc e-con-full e-flex e-con e-child\" data-id=\"ed209dc\" data-element_type=\"container\" data-e-type=\"container\">\n\t\t\t\t<div class=\"elementor-element elementor-element-73edfc0 elementor-widget elementor-widget-heading\" data-id=\"73edfc0\" data-element_type=\"widget\" data-e-type=\"widget\" data-widget_type=\"heading.default\">\n\t\t\t\t<div class=\"elementor-widget-container\">\n\t\t\t\t\t<h2 class=\"elementor-heading-title elementor-size-default\">Nuestra oferta incluye:<\/h2>\t\t\t\t<\/div>\n\t\t\t\t<\/div>\n\t\t<div class=\"elementor-element elementor-element-15abbca e-grid e-con-full e-con e-child\" data-id=\"15abbca\" data-element_type=\"container\" data-e-type=\"container\">\n\t\t\t\t<div class=\"elementor-element elementor-element-ea0426d animated-slow elementor-invisible elementor-widget elementor-widget-text-editor\" data-id=\"ea0426d\" data-element_type=\"widget\" data-e-type=\"widget\" data-settings=\"{&quot;_animation&quot;:&quot;fadeIn&quot;}\" data-widget_type=\"text-editor.default\">\n\t\t\t\t<div class=\"elementor-widget-container\">\n\t\t\t\t\t\t\t\t\t<h5>Talleres interactivos<\/h5><p>Dise\u00f1ados espec\u00edficamente para Resilience Initiative, nuestros talleres abarcan desde las \"tuercas y tornillos\" de la recaudaci\u00f3n de fondos, las comunicaciones y las operaciones de personal, hasta el bienestar, la atenci\u00f3n plena, la supervisi\u00f3n y el desarrollo del liderazgo.<\/p>\t\t\t\t\t\t\t\t<\/div>\n\t\t\t\t<\/div>\n\t\t\t\t<div class=\"elementor-element elementor-element-297e77f animated-slow elementor-invisible elementor-widget elementor-widget-text-editor\" data-id=\"297e77f\" data-element_type=\"widget\" data-e-type=\"widget\" data-settings=\"{&quot;_animation&quot;:&quot;fadeIn&quot;}\" data-widget_type=\"text-editor.default\">\n\t\t\t\t<div class=\"elementor-widget-container\">\n\t\t\t\t\t\t\t\t\t<h5>Coaching 1:1<\/h5><p>Con m\u00e1s de 15 \u00e1reas tem\u00e1ticas para elegir, nuestros coaches de liderazgo y expertos en la materia ofrecen apoyo personalizado.<\/p>\t\t\t\t\t\t\t\t<\/div>\n\t\t\t\t<\/div>\n\t\t\t\t<div class=\"elementor-element elementor-element-151d882 animated-slow elementor-invisible elementor-widget elementor-widget-text-editor\" data-id=\"151d882\" data-element_type=\"widget\" data-e-type=\"widget\" data-settings=\"{&quot;_animation&quot;:&quot;fadeIn&quot;}\" data-widget_type=\"text-editor.default\">\n\t\t\t\t<div class=\"elementor-widget-container\">\n\t\t\t\t\t\t\t\t\t<h5>Oportunidades especiales de aprendizaje<\/h5><p>Sin costo alguno o con importantes descuentos en programas y cursos de formaci\u00f3n a disposici\u00f3n del p\u00fablico que ofrecen oportunidades continuas de desarrollo de competencias y aprendizaje.<\/p>\t\t\t\t\t\t\t\t<\/div>\n\t\t\t\t<\/div>\n\t\t\t\t<div class=\"elementor-element elementor-element-3026089 animated-slow elementor-invisible elementor-widget elementor-widget-text-editor\" data-id=\"3026089\" data-element_type=\"widget\" data-e-type=\"widget\" data-settings=\"{&quot;_animation&quot;:&quot;fadeIn&quot;}\" data-widget_type=\"text-editor.default\">\n\t\t\t\t<div class=\"elementor-widget-container\">\n\t\t\t\t\t\t\t\t\t<h5>Apoyo entre pares<\/h5><p>Cohortes de compa\u00f1eros y coaching sobre una amplia gama de temas, conectando a las personas en torno a intereses y retos compartidos.<\/p>\t\t\t\t\t\t\t\t<\/div>\n\t\t\t\t<\/div>\n\t\t\t\t<div class=\"elementor-element elementor-element-7548837 animated-slow elementor-invisible elementor-widget elementor-widget-text-editor\" data-id=\"7548837\" data-element_type=\"widget\" data-e-type=\"widget\" data-settings=\"{&quot;_animation&quot;:&quot;fadeIn&quot;}\" data-widget_type=\"text-editor.default\">\n\t\t\t\t<div class=\"elementor-widget-container\">\n\t\t\t\t\t\t\t\t\t<h5>Subvenciones para el refuerzo de las capacidades y el bienestar<\/h5><p>Podemos dise\u00f1ar y gestionar programas de subvenciones para apoyar los esfuerzos de bienestar y refuerzo de capacidades de sus beneficiarios.<\/p>\t\t\t\t\t\t\t\t<\/div>\n\t\t\t\t<\/div>\n\t\t<div class=\"elementor-element elementor-element-edd47c5 e-con-full e-flex e-con e-child\" data-id=\"edd47c5\" data-element_type=\"container\" data-e-type=\"container\">\n\t\t\t\t<div class=\"elementor-element elementor-element-f75f8ab animated-slow elementor-invisible elementor-widget elementor-widget-text-editor\" data-id=\"f75f8ab\" data-element_type=\"widget\" data-e-type=\"widget\" data-settings=\"{&quot;_animation&quot;:&quot;fadeIn&quot;}\" data-widget_type=\"text-editor.default\">\n\t\t\t\t<div class=\"elementor-widget-container\">\n\t\t\t\t\t\t\t\t\t<h5>Acceso de por vida a ResourceWell <\/h5><h5><span style=\"text-wrap-mode: initial; text-align: var(--text-align); color: var( --e-global-color-text ); font-family: var( --e-global-typography-67cda58-font-family ), Inter, sans-serif; font-size: var( --e-global-typography-67cda58-font-size ); font-weight: var( --e-global-typography-67cda58-font-weight );\">Sus beneficiarios tendr\u00edan acceso exclusivo a una comunidad de m\u00e1s de 400 consultores, coaches, facilitadores y otros profesionales alineados con los valores.<\/span><\/h5><div>\u00a0<\/div>\t\t\t\t\t\t\t\t<\/div>\n\t\t\t\t<\/div>\n\t\t\t\t<\/div>\n\t\t\t\t<\/div>\n\t\t\t\t<\/div>\n\t\t<div class=\"elementor-element elementor-element-3990ffe e-con-full e-flex e-con e-child\" data-id=\"3990ffe\" data-element_type=\"container\" data-e-type=\"container\">\n\t\t\t\t<div class=\"elementor-element elementor-element-196232d elementor-widget__width-initial elementor-widget elementor-widget-heading\" data-id=\"196232d\" data-element_type=\"widget\" data-e-type=\"widget\" data-widget_type=\"heading.default\">\n\t\t\t\t<div class=\"elementor-widget-container\">\n\t\t\t\t\t<h2 class=\"elementor-heading-title elementor-size-default\">\u00bfQuiere saber m\u00e1s?<\/h2>\t\t\t\t<\/div>\n\t\t\t\t<\/div>\n\t\t\t\t<div class=\"elementor-element elementor-element-62e022b elementor-widget elementor-widget-button\" data-id=\"62e022b\" data-element_type=\"widget\" data-e-type=\"widget\" data-widget_type=\"button.default\">\n\t\t\t\t<div class=\"elementor-widget-container\">\n\t\t\t\t\t\t\t\t\t<div class=\"elementor-button-wrapper\">\n\t\t\t\t\t<a class=\"elementor-button elementor-button-link elementor-size-sm\" href=\"https:\/\/resilienceinitiative.org\/es\/contact-us\/\" target=\"_blank\">\n\t\t\t\t\t\t<span class=\"elementor-button-content-wrapper\">\n\t\t\t\t\t\t<span class=\"elementor-button-icon\">\n\t\t\t\t<svg aria-hidden=\"true\" class=\"e-font-icon-svg e-fas-arrow-right\" viewbox=\"0 0 448 512\" xmlns=\"http:\/\/www.w3.org\/2000\/svg\"><path d=\"M190.5 66.9l22.2-22.2c9.4-9.4 24.6-9.4 33.9 0L441 239c9.4 9.4 9.4 24.6 0 33.9L246.6 467.3c-9.4 9.4-24.6 9.4-33.9 0l-22.2-22.2c-9.5-9.5-9.3-25 .4-34.3L311.4 296H24c-13.3 0-24-10.7-24-24v-32c0-13.3 10.7-24 24-24h287.4L190.9 101.2c-9.8-9.3-10-24.8-.4-34.3z\"><\/path><\/svg>\t\t\t<\/span>\n\t\t\t\t\t\t\t\t\t<span class=\"elementor-button-text\">Cont\u00e1ctanos<\/span>\n\t\t\t\t\t<\/span>\n\t\t\t\t\t<\/a>\n\t\t\t\t<\/div>\n\t\t\t\t\t\t\t\t<\/div>\n\t\t\t\t<\/div>\n\t\t\t\t<\/div>\n\t\t\t\t\t<\/div>\n\t\t\t\t<\/div>\n\t\t<div class=\"elementor-element elementor-element-0d775d2 elementor-container-spacing-section-l ri-bg-yellow-med e-flex e-con-boxed e-con e-parent\" data-id=\"0d775d2\" data-element_type=\"container\" data-e-type=\"container\" data-settings=\"{&quot;container_padding&quot;:&quot;section-l&quot;}\">\n\t\t\t\t\t<div class=\"e-con-inner\">\n\t\t<div class=\"elementor-element elementor-element-8387da5 e-grid e-con-full e-con e-child\" data-id=\"8387da5\" data-element_type=\"container\" data-e-type=\"container\">\n\t\t<div class=\"elementor-element elementor-element-9fad59f e-con-full e-flex e-con e-child\" data-id=\"9fad59f\" data-element_type=\"container\" data-e-type=\"container\">\n\t\t\t\t<div class=\"elementor-element elementor-element-b9282d4 elementor-widget elementor-widget-heading\" data-id=\"b9282d4\" data-element_type=\"widget\" data-e-type=\"widget\" data-widget_type=\"heading.default\">\n\t\t\t\t<div class=\"elementor-widget-container\">\n\t\t\t\t\t<h2 class=\"elementor-heading-title elementor-size-default\">Para los financiadores<\/h2>\t\t\t\t<\/div>\n\t\t\t\t<\/div>\n\t\t\t\t<div class=\"elementor-element elementor-element-f69ce9a elementor-widget elementor-widget-heading\" data-id=\"f69ce9a\" data-element_type=\"widget\" data-e-type=\"widget\" data-widget_type=\"heading.default\">\n\t\t\t\t<div class=\"elementor-widget-container\">\n\t\t\t\t\t<h2 class=\"elementor-heading-title elementor-size-default\">As\u00f3ciese con nosotros para ofrecer subvenciones flexibles a sus beneficiarios\n<\/h2>\t\t\t\t<\/div>\n\t\t\t\t<\/div>\n\t\t\t\t<div class=\"elementor-element elementor-element-bf2b13e elementor-widget elementor-widget-text-editor\" data-id=\"bf2b13e\" data-element_type=\"widget\" data-e-type=\"widget\" data-widget_type=\"text-editor.default\">\n\t\t\t\t<div class=\"elementor-widget-container\">\n\t\t\t\t\t\t\t\t\t<p>Los financiadores pueden asociarse con Resilience Initiative para gestionar y conceder subvenciones de fortalecimiento de capacidades y bienestar que apoyen la resiliencia del personal y de la organizaci\u00f3n. Nuestro enfoque de concesi\u00f3n de subvenciones basado en la confianza se centra en la facilidad y la flexibilidad, al tiempo que proporciona apoyo personalizado para ayudar a los beneficiarios a identificar prioridades y opciones de consultor\u00eda.\u00a0<\/p>\t\t\t\t\t\t\t\t<\/div>\n\t\t\t\t<\/div>\n\t\t\t\t<div class=\"elementor-element elementor-element-c763ef1 elementor-widget elementor-widget-button\" data-id=\"c763ef1\" data-element_type=\"widget\" data-e-type=\"widget\" data-widget_type=\"button.default\">\n\t\t\t\t<div class=\"elementor-widget-container\">\n\t\t\t\t\t\t\t\t\t<div class=\"elementor-button-wrapper\">\n\t\t\t\t\t<a class=\"elementor-button elementor-button-link elementor-size-sm\" href=\"https:\/\/resilienceinitiative.org\/es\/how-we-partner-with-funders\/\">\n\t\t\t\t\t\t<span class=\"elementor-button-content-wrapper\">\n\t\t\t\t\t\t<span class=\"elementor-button-icon\">\n\t\t\t\t<svg aria-hidden=\"true\" class=\"e-font-icon-svg e-fas-arrow-right\" viewbox=\"0 0 448 512\" xmlns=\"http:\/\/www.w3.org\/2000\/svg\"><path d=\"M190.5 66.9l22.2-22.2c9.4-9.4 24.6-9.4 33.9 0L441 239c9.4 9.4 9.4 24.6 0 33.9L246.6 467.3c-9.4 9.4-24.6 9.4-33.9 0l-22.2-22.2c-9.5-9.5-9.3-25 .4-34.3L311.4 296H24c-13.3 0-24-10.7-24-24v-32c0-13.3 10.7-24 24-24h287.4L190.9 101.2c-9.8-9.3-10-24.8-.4-34.3z\"><\/path><\/svg>\t\t\t<\/span>\n\t\t\t\t\t\t\t\t\t<span class=\"elementor-button-text\">Descubra c\u00f3mo pueden colaborar con nosotros los donantes<\/span>\n\t\t\t\t\t<\/span>\n\t\t\t\t\t<\/a>\n\t\t\t\t<\/div>\n\t\t\t\t\t\t\t\t<\/div>\n\t\t\t\t<\/div>\n\t\t\t\t<\/div>\n\t\t<div class=\"elementor-element elementor-element-7acb460 e-con-full e-flex e-con e-child\" data-id=\"7acb460\" data-element_type=\"container\" data-e-type=\"container\">\n\t\t<div class=\"elementor-element elementor-element-da55dcc e-con-full e-flex e-con e-child\" data-id=\"da55dcc\" data-element_type=\"container\" data-e-type=\"container\" data-settings=\"{&quot;background_background&quot;:&quot;classic&quot;}\">\n\t\t\t\t<div class=\"elementor-element elementor-element-ac93701 elementor-widget elementor-widget-image\" data-id=\"ac93701\" data-element_type=\"widget\" data-e-type=\"widget\" data-widget_type=\"image.default\">\n\t\t\t\t<div class=\"elementor-widget-container\">\n\t\t\t\t\t\t\t\t\t\t\t\t\t\t\t<img decoding=\"async\" width=\"800\" height=\"684\" src=\"https:\/\/resilienceinitiative.org\/wp-content\/uploads\/2024\/10\/dandelion-field-1-e1730319233867.png\" class=\"attachment-large size-large wp-image-2312\" alt=\"dandelion field 1\" srcset=\"https:\/\/resilienceinitiative.org\/wp-content\/uploads\/2024\/10\/dandelion-field-1-e1730319233867.png 893w, https:\/\/resilienceinitiative.org\/wp-content\/uploads\/2024\/10\/dandelion-field-1-e1730319233867-300x256.png 300w, https:\/\/resilienceinitiative.org\/wp-content\/uploads\/2024\/10\/dandelion-field-1-e1730319233867-768x656.png 768w, https:\/\/resilienceinitiative.org\/wp-content\/uploads\/2024\/10\/dandelion-field-1-e1730319233867-14x12.png 14w\" sizes=\"(max-width: 800px) 100vw, 800px\" \/>\t\t\t\t\t\t\t\t\t\t\t\t\t\t\t<\/div>\n\t\t\t\t<\/div>\n\t\t\t\t<div class=\"elementor-element elementor-element-92030fc elementor-widget__width-auto elementor-absolute mp-seeds elementor-widget elementor-widget-image\" data-id=\"92030fc\" data-element_type=\"widget\" data-e-type=\"widget\" data-settings=\"{&quot;_position&quot;:&quot;absolute&quot;}\" data-widget_type=\"image.default\">\n\t\t\t\t<div class=\"elementor-widget-container\">\n\t\t\t\t\t\t\t\t\t\t\t\t\t\t\t<img fetchpriority=\"high\" decoding=\"async\" width=\"800\" height=\"315\" src=\"https:\/\/resilienceinitiative.org\/wp-content\/uploads\/2024\/10\/dandelion-flowing-1024x403.png\" class=\"attachment-large size-large wp-image-2302\" alt=\"flowing dandelion seeds\" srcset=\"https:\/\/resilienceinitiative.org\/wp-content\/uploads\/2024\/10\/dandelion-flowing-1024x403.png 1024w, https:\/\/resilienceinitiative.org\/wp-content\/uploads\/2024\/10\/dandelion-flowing-300x118.png 300w, https:\/\/resilienceinitiative.org\/wp-content\/uploads\/2024\/10\/dandelion-flowing-768x302.png 768w, https:\/\/resilienceinitiative.org\/wp-content\/uploads\/2024\/10\/dandelion-flowing-1536x604.png 1536w, https:\/\/resilienceinitiative.org\/wp-content\/uploads\/2024\/10\/dandelion-flowing-18x7.png 18w, https:\/\/resilienceinitiative.org\/wp-content\/uploads\/2024\/10\/dandelion-flowing.png 1568w\" sizes=\"(max-width: 800px) 100vw, 800px\" \/>\t\t\t\t\t\t\t\t\t\t\t\t\t\t\t<\/div>\n\t\t\t\t<\/div>\n\t\t\t\t<\/div>\n\t\t\t\t<\/div>\n\t\t\t\t<\/div>\n\t\t\t\t\t<\/div>\n\t\t\t\t<\/div>\n\t\t\t\t<\/div>","protected":false},"excerpt":{"rendered":"<p>FOR FUNDERS Offering Capacity-Strengthening Services We invite values-aligned funders to learn more about the Resilience Initiative and how our offerings support the operational resilience of organizations and the personal wellbeing of the people driving social and environmental change movements. Our Offerings Include: Interactive Workshops Designed specifically for the Resilience Initiative, our workshops span the \u201cnuts [&hellip;]<\/p>\n","protected":false},"author":10,"featured_media":1686,"parent":0,"menu_order":10,"comment_status":"closed","ping_status":"closed","template":"","meta":{"_acf_changed":false,"_seopress_robots_primary_cat":"","_seopress_titles_title":"","_seopress_titles_desc":"","_seopress_robots_index":"","footnotes":""},"class_list":["post-1297","page","type-page","status-publish","has-post-thumbnail","hentry"],"acf":[],"_links":{"self":[{"href":"https:\/\/resilienceinitiative.org\/es\/wp-json\/wp\/v2\/pages\/1297","targetHints":{"allow":["GET"]}}],"collection":[{"href":"https:\/\/resilienceinitiative.org\/es\/wp-json\/wp\/v2\/pages"}],"about":[{"href":"https:\/\/resilienceinitiative.org\/es\/wp-json\/wp\/v2\/types\/page"}],"author":[{"embeddable":true,"href":"https:\/\/resilienceinitiative.org\/es\/wp-json\/wp\/v2\/users\/10"}],"replies":[{"embeddable":true,"href":"https:\/\/resilienceinitiative.org\/es\/wp-json\/wp\/v2\/comments?post=1297"}],"version-history":[{"count":10,"href":"https:\/\/resilienceinitiative.org\/es\/wp-json\/wp\/v2\/pages\/1297\/revisions"}],"predecessor-version":[{"id":4628,"href":"https:\/\/resilienceinitiative.org\/es\/wp-json\/wp\/v2\/pages\/1297\/revisions\/4628"}],"wp:featuredmedia":[{"embeddable":true,"href":"https:\/\/resilienceinitiative.org\/es\/wp-json\/wp\/v2\/media\/1686"}],"wp:attachment":[{"href":"https:\/\/resilienceinitiative.org\/es\/wp-json\/wp\/v2\/media?parent=1297"}],"curies":[{"name":"wp","href":"https:\/\/api.w.org\/{rel}","templated":true}]}}