{"id":3176,"date":"2024-12-17T22:01:56","date_gmt":"2024-12-17T22:01:56","guid":{"rendered":"https:\/\/resilienceinitiative.org\/?page_id=3176"},"modified":"2025-09-09T10:46:53","modified_gmt":"2025-09-09T17:46:53","slug":"our-offerings-at-a-glance","status":"publish","type":"page","link":"https:\/\/resilienceinitiative.org\/es\/our-offerings-at-a-glance\/","title":{"rendered":"Resumen de nuestra oferta"},"content":{"rendered":"<div data-elementor-type=\"wp-page\" data-elementor-id=\"3176\" class=\"elementor elementor-3176\" data-elementor-post-type=\"page\">\n\t\t\t\t<div class=\"elementor-element elementor-element-ea93f97 ri-bg-beige pb-0 elementor-container-spacing-section-l e-flex e-con-boxed e-con e-parent\" data-id=\"ea93f97\" data-element_type=\"container\" data-e-type=\"container\" data-settings=\"{&quot;container_padding&quot;:&quot;section-l&quot;}\">\n\t\t\t\t\t<div class=\"e-con-inner\">\n\t\t<div class=\"elementor-element elementor-element-81d6df0 e-flex e-con-boxed e-con e-child\" data-id=\"81d6df0\" data-element_type=\"container\" data-e-type=\"container\">\n\t\t\t\t\t<div class=\"e-con-inner\">\n\t\t\t\t<div class=\"elementor-element elementor-element-8f4ec7c elementor-widget elementor-widget-heading\" data-id=\"8f4ec7c\" data-element_type=\"widget\" data-e-type=\"widget\" data-widget_type=\"heading.default\">\n\t\t\t\t<div class=\"elementor-widget-container\">\n\t\t\t\t\t<h1 class=\"elementor-heading-title elementor-size-default\">Resumen de nuestra oferta<\/h1>\t\t\t\t<\/div>\n\t\t\t\t<\/div>\n\t\t\t\t<div class=\"elementor-element elementor-element-594490a elementor-widget__width-initial elementor-widget elementor-widget-text-editor\" data-id=\"594490a\" data-element_type=\"widget\" data-e-type=\"widget\" data-widget_type=\"text-editor.default\">\n\t\t\t\t<div class=\"elementor-widget-container\">\n\t\t\t\t\t\t\t\t\t<p>Proporcionamos acceso a talleres de refuerzo de capacidades, conexi\u00f3n entre pares y recursos de bienestar que ayudan a las personas y a las organizaciones. Nuestras talleres son gratuitas para los participantes en Resilience Initiative.<\/p>\t\t\t\t\t\t\t\t<\/div>\n\t\t\t\t<\/div>\n\t\t\t\t\t<\/div>\n\t\t\t\t<\/div>\n\t\t<div class=\"elementor-element elementor-element-e067686 e-con-full e-flex e-con e-child\" data-id=\"e067686\" data-element_type=\"container\" data-e-type=\"container\">\n\t\t\t\t<div class=\"elementor-element elementor-element-d4bac8d elementor-widget elementor-widget-template\" data-id=\"d4bac8d\" data-element_type=\"widget\" data-e-type=\"widget\" data-widget_type=\"template.default\">\n\t\t\t\t<div class=\"elementor-widget-container\">\n\t\t\t\t\t\t\t<div class=\"elementor-template\">\n\t\t\t\t\t<div data-elementor-type=\"container\" data-elementor-id=\"848\" class=\"elementor elementor-848\" data-elementor-post-type=\"elementor_library\">\n\t\t\t\t<div class=\"elementor-element elementor-element-61c203dd e-con-full e-flex e-con e-child\" data-id=\"61c203dd\" data-element_type=\"container\" data-e-type=\"container\">\n\t\t<div class=\"elementor-element elementor-element-20977e70 e-con-full elementor-container-spacing-box-m e-flex e-con e-child\" data-id=\"20977e70\" data-element_type=\"container\" data-e-type=\"container\" data-settings=\"{&quot;container_padding&quot;:&quot;box-m&quot;,&quot;background_background&quot;:&quot;classic&quot;}\">\n\t\t\t\t<div class=\"elementor-element elementor-element-230b4f94 elementor-widget elementor-widget-heading\" data-id=\"230b4f94\" data-element_type=\"widget\" data-e-type=\"widget\" data-widget_type=\"heading.default\">\n\t\t\t\t<div class=\"elementor-widget-container\">\n\t\t\t\t\t<h3 class=\"elementor-heading-title elementor-size-default\">Talleres<\/h3>\t\t\t\t<\/div>\n\t\t\t\t<\/div>\n\t\t\t\t<div class=\"elementor-element elementor-element-5f2b97d0 elementor-widget elementor-widget-text-editor\" data-id=\"5f2b97d0\" data-element_type=\"widget\" data-e-type=\"widget\" data-widget_type=\"text-editor.default\">\n\t\t\t\t<div class=\"elementor-widget-container\">\n\t\t\t\t\t\t\t\t\t<p>Nuestras sesiones virtuales est\u00e1n dirigidas por expertos en sus campos que dise\u00f1an cuidadosamente oportunidades interactivas de aprendizaje entre pares sobre una amplia gama de temas relacionados con el desarrollo organizativo y el crecimiento personal.<\/p>\t\t\t\t\t\t\t\t<\/div>\n\t\t\t\t<\/div>\n\t\t\t\t<\/div>\n\t\t<div class=\"elementor-element elementor-element-68901d3b e-con-full elementor-container-spacing-box-m e-flex e-con e-child\" data-id=\"68901d3b\" data-element_type=\"container\" data-e-type=\"container\" data-settings=\"{&quot;container_padding&quot;:&quot;box-m&quot;,&quot;background_background&quot;:&quot;classic&quot;}\">\n\t\t\t\t<div class=\"elementor-element elementor-element-7d654609 elementor-widget elementor-widget-heading\" data-id=\"7d654609\" data-element_type=\"widget\" data-e-type=\"widget\" data-widget_type=\"heading.default\">\n\t\t\t\t<div class=\"elementor-widget-container\">\n\t\t\t\t\t<h3 class=\"elementor-heading-title elementor-size-default\">Coaching 1:1<\/h3>\t\t\t\t<\/div>\n\t\t\t\t<\/div>\n\t\t\t\t<div class=\"elementor-element elementor-element-502651d5 elementor-widget elementor-widget-text-editor\" data-id=\"502651d5\" data-element_type=\"widget\" data-e-type=\"widget\" data-widget_type=\"text-editor.default\">\n\t\t\t\t<div class=\"elementor-widget-container\">\n\t\t\t\t\t\t\t\t\t<p><span style=\"background-color: var( --e-global-color-e3aa018 ); text-align: var(--text-align); color: var( --e-global-color-text ); font-family: var( --e-global-typography-67cda58-font-family ), Inter, sans-serif; font-size: var( --e-global-typography-67cda58-font-size ); font-weight: var( --e-global-typography-67cda58-font-weight );\">Todos los participantes tienen acceso a coaching confidencial por parte de nuestra incre\u00edble red de coaches alineados con los valores, que cubren casi 20 \u00e1reas de inter\u00e9s diferentes.<\/span><\/p>\t\t\t\t\t\t\t\t<\/div>\n\t\t\t\t<\/div>\n\t\t\t\t<\/div>\n\t\t<div class=\"elementor-element elementor-element-35b8a811 e-con-full elementor-container-spacing-box-m e-flex e-con e-child\" data-id=\"35b8a811\" data-element_type=\"container\" data-e-type=\"container\" data-settings=\"{&quot;container_padding&quot;:&quot;box-m&quot;,&quot;background_background&quot;:&quot;classic&quot;}\">\n\t\t\t\t<div class=\"elementor-element elementor-element-60bd51c8 elementor-widget elementor-widget-heading\" data-id=\"60bd51c8\" data-element_type=\"widget\" data-e-type=\"widget\" data-widget_type=\"heading.default\">\n\t\t\t\t<div class=\"elementor-widget-container\">\n\t\t\t\t\t<h3 class=\"elementor-heading-title elementor-size-default\">Cohortes de pares<\/h3>\t\t\t\t<\/div>\n\t\t\t\t<\/div>\n\t\t\t\t<div class=\"elementor-element elementor-element-69d68c7a elementor-widget elementor-widget-text-editor\" data-id=\"69d68c7a\" data-element_type=\"widget\" data-e-type=\"widget\" data-widget_type=\"text-editor.default\">\n\t\t\t\t<div class=\"elementor-widget-container\">\n\t\t\t\t\t\t\t\t\t<p>\u00danete a un grupo de compa\u00f1eros para profundizar en un tema y construir una comunidad con otros movimientos. Las cohortes son oportunidades especiales para conectar, crear redes y aprender juntos en un entorno de apoyo...<\/p>\t\t\t\t\t\t\t\t<\/div>\n\t\t\t\t<\/div>\n\t\t\t\t<\/div>\n\t\t<div class=\"elementor-element elementor-element-b997a93 e-con-full elementor-container-spacing-box-m e-flex e-con e-child\" data-id=\"b997a93\" data-element_type=\"container\" data-e-type=\"container\" data-settings=\"{&quot;container_padding&quot;:&quot;box-m&quot;,&quot;background_background&quot;:&quot;classic&quot;}\">\n\t\t\t\t<div class=\"elementor-element elementor-element-49925d2 elementor-widget elementor-widget-heading\" data-id=\"49925d2\" data-element_type=\"widget\" data-e-type=\"widget\" data-widget_type=\"heading.default\">\n\t\t\t\t<div class=\"elementor-widget-container\">\n\t\t\t\t\t<h3 class=\"elementor-heading-title elementor-size-default\">Descuentos<\/h3>\t\t\t\t<\/div>\n\t\t\t\t<\/div>\n\t\t\t\t<div class=\"elementor-element elementor-element-72ce091 elementor-widget elementor-widget-text-editor\" data-id=\"72ce091\" data-element_type=\"widget\" data-e-type=\"widget\" data-widget_type=\"text-editor.default\">\n\t\t\t\t<div class=\"elementor-widget-container\">\n\t\t\t\t\t\t\t\t\t<p>Los participantes en Resilience Initiative tienen derecho a recibir entre 75% y 100% de talleres disponibles al p\u00fablico ofrecidos por nuestros socios alineados con los valores.<\/p>\t\t\t\t\t\t\t\t<\/div>\n\t\t\t\t<\/div>\n\t\t\t\t<\/div>\n\t\t<div class=\"elementor-element elementor-element-34d1039 e-con-full elementor-container-spacing-box-m e-flex e-con e-child\" data-id=\"34d1039\" data-element_type=\"container\" data-e-type=\"container\" data-settings=\"{&quot;container_padding&quot;:&quot;box-m&quot;,&quot;background_background&quot;:&quot;classic&quot;}\">\n\t\t\t\t<div class=\"elementor-element elementor-element-dee7e78 elementor-widget elementor-widget-heading\" data-id=\"dee7e78\" data-element_type=\"widget\" data-e-type=\"widget\" data-widget_type=\"heading.default\">\n\t\t\t\t<div class=\"elementor-widget-container\">\n\t\t\t\t\t<h3 class=\"elementor-heading-title elementor-size-default\">Coaching entre pares<\/h3>\t\t\t\t<\/div>\n\t\t\t\t<\/div>\n\t\t\t\t<div class=\"elementor-element elementor-element-42a4d55 elementor-widget elementor-widget-text-editor\" data-id=\"42a4d55\" data-element_type=\"widget\" data-e-type=\"widget\" data-widget_type=\"text-editor.default\">\n\t\t\t\t<div class=\"elementor-widget-container\">\n\t\t\t\t\t\t\t\t\t<p>\u00danete a un peque\u00f1o grupo de 5-7 compa\u00f1eros. Guiado de forma ligera por un facilitador experto, te reunir\u00e1s mensualmente para ofrecer y recibir apoyo en tiempo real y crecer en comunidad con los dem\u00e1s.<\/p>\t\t\t\t\t\t\t\t<\/div>\n\t\t\t\t<\/div>\n\t\t\t\t<\/div>\n\t\t\t\t<\/div>\n\t\t\t\t<\/div>\n\t\t\t\t<\/div>\n\t\t\t\t\t\t<\/div>\n\t\t\t\t<\/div>\n\t\t<div class=\"elementor-element elementor-element-18c5205 e-con-full elementor-container-spacing-section-l e-flex e-con e-child\" data-id=\"18c5205\" data-element_type=\"container\" data-e-type=\"container\" data-settings=\"{&quot;container_padding&quot;:&quot;section-l&quot;}\">\n\t\t\t\t<div class=\"elementor-element elementor-element-c8e1720 elementor-widget elementor-widget-heading\" data-id=\"c8e1720\" data-element_type=\"widget\" data-e-type=\"widget\" data-widget_type=\"heading.default\">\n\t\t\t\t<div class=\"elementor-widget-container\">\n\t\t\t\t\t<h2 class=\"elementor-heading-title elementor-size-default\">\u00bfC\u00f3mo puedo inscribirme en estas talleres?<\/h2>\t\t\t\t<\/div>\n\t\t\t\t<\/div>\n\t\t\t\t<div class=\"elementor-element elementor-element-eee76e7 elementor-widget__width-initial elementor-widget elementor-widget-text-editor\" data-id=\"eee76e7\" data-element_type=\"widget\" data-e-type=\"widget\" data-widget_type=\"text-editor.default\">\n\t\t\t\t<div class=\"elementor-widget-container\">\n\t\t\t\t\t\t\t\t\t<p>S\u00f3lo las organizaciones invitadas por su financiador pueden acceder a estas talleres. Si has sido invitado, haz clic en el bot\u00f3n \"C\u00f3mo empezar\".\u00a0<\/p>\t\t\t\t\t\t\t\t<\/div>\n\t\t\t\t<\/div>\n\t\t\t\t<div class=\"elementor-element elementor-element-b8cad93 elementor-widget elementor-widget-button\" data-id=\"b8cad93\" data-element_type=\"widget\" data-e-type=\"widget\" data-widget_type=\"button.default\">\n\t\t\t\t<div class=\"elementor-widget-container\">\n\t\t\t\t\t\t\t\t\t<div class=\"elementor-button-wrapper\">\n\t\t\t\t\t<a class=\"elementor-button elementor-button-link elementor-size-sm\" href=\"https:\/\/resilienceinitiative.org\/es\/start-here\/\">\n\t\t\t\t\t\t<span class=\"elementor-button-content-wrapper\">\n\t\t\t\t\t\t<span class=\"elementor-button-icon\">\n\t\t\t\t<svg aria-hidden=\"true\" class=\"e-font-icon-svg e-fas-arrow-right\" viewbox=\"0 0 448 512\" xmlns=\"http:\/\/www.w3.org\/2000\/svg\"><path d=\"M190.5 66.9l22.2-22.2c9.4-9.4 24.6-9.4 33.9 0L441 239c9.4 9.4 9.4 24.6 0 33.9L246.6 467.3c-9.4 9.4-24.6 9.4-33.9 0l-22.2-22.2c-9.5-9.5-9.3-25 .4-34.3L311.4 296H24c-13.3 0-24-10.7-24-24v-32c0-13.3 10.7-24 24-24h287.4L190.9 101.2c-9.8-9.3-10-24.8-.4-34.3z\"><\/path><\/svg>\t\t\t<\/span>\n\t\t\t\t\t\t\t\t\t<span class=\"elementor-button-text\">C\u00f3mo empezar<\/span>\n\t\t\t\t\t<\/span>\n\t\t\t\t\t<\/a>\n\t\t\t\t<\/div>\n\t\t\t\t\t\t\t\t<\/div>\n\t\t\t\t<\/div>\n\t\t\t\t<\/div>\n\t\t\t\t<\/div>\n\t\t\t\t\t<\/div>\n\t\t\t\t<\/div>\n\t\t\t\t<\/div>","protected":false},"excerpt":{"rendered":"<p>Our Offerings at a Glance We provide access to capacity strengthening\u00a0 workshops, peer connection , and wellness resources that support people and organizations. Our offerings are available at no cost to Resilience Initiative participants. How do I sign up for these offerings? Only organizations invited by their funder can access these offerings. If you&#8217;ve been [&hellip;]<\/p>\n","protected":false},"author":10,"featured_media":1686,"parent":0,"menu_order":2,"comment_status":"closed","ping_status":"closed","template":"","meta":{"_acf_changed":false,"_seopress_robots_primary_cat":"","_seopress_titles_title":"","_seopress_titles_desc":"","_seopress_robots_index":"","footnotes":""},"class_list":["post-3176","page","type-page","status-publish","has-post-thumbnail","hentry"],"acf":[],"_links":{"self":[{"href":"https:\/\/resilienceinitiative.org\/es\/wp-json\/wp\/v2\/pages\/3176","targetHints":{"allow":["GET"]}}],"collection":[{"href":"https:\/\/resilienceinitiative.org\/es\/wp-json\/wp\/v2\/pages"}],"about":[{"href":"https:\/\/resilienceinitiative.org\/es\/wp-json\/wp\/v2\/types\/page"}],"author":[{"embeddable":true,"href":"https:\/\/resilienceinitiative.org\/es\/wp-json\/wp\/v2\/users\/10"}],"replies":[{"embeddable":true,"href":"https:\/\/resilienceinitiative.org\/es\/wp-json\/wp\/v2\/comments?post=3176"}],"version-history":[{"count":10,"href":"https:\/\/resilienceinitiative.org\/es\/wp-json\/wp\/v2\/pages\/3176\/revisions"}],"predecessor-version":[{"id":6198,"href":"https:\/\/resilienceinitiative.org\/es\/wp-json\/wp\/v2\/pages\/3176\/revisions\/6198"}],"wp:featuredmedia":[{"embeddable":true,"href":"https:\/\/resilienceinitiative.org\/es\/wp-json\/wp\/v2\/media\/1686"}],"wp:attachment":[{"href":"https:\/\/resilienceinitiative.org\/es\/wp-json\/wp\/v2\/media?parent=3176"}],"curies":[{"name":"wp","href":"https:\/\/api.w.org\/{rel}","templated":true}]}}