{"id":3196,"date":"2024-12-17T23:00:24","date_gmt":"2024-12-17T23:00:24","guid":{"rendered":"https:\/\/resilienceinitiative.org\/?page_id=3196"},"modified":"2025-07-30T12:30:08","modified_gmt":"2025-07-30T19:30:08","slug":"how-we-partner-with-funders","status":"publish","type":"page","link":"https:\/\/resilienceinitiative.org\/es\/how-we-partner-with-funders\/","title":{"rendered":"C\u00f3mo colaboramos con los financiadores"},"content":{"rendered":"<div data-elementor-type=\"wp-page\" data-elementor-id=\"3196\" class=\"elementor elementor-3196\" data-elementor-post-type=\"page\">\n\t\t\t\t<div class=\"elementor-element elementor-element-248bea4 ri-bg-beige elementor-container-spacing-section-l e-flex e-con-boxed e-con e-parent\" data-id=\"248bea4\" data-element_type=\"container\" data-e-type=\"container\" data-settings=\"{&quot;container_padding&quot;:&quot;section-l&quot;}\">\n\t\t\t\t\t<div class=\"e-con-inner\">\n\t\t<div class=\"elementor-element elementor-element-588f388 e-flex e-con-boxed e-con e-child\" data-id=\"588f388\" data-element_type=\"container\" data-e-type=\"container\">\n\t\t\t\t\t<div class=\"e-con-inner\">\n\t\t\t\t<div class=\"elementor-element elementor-element-850f99f elementor-widget elementor-widget-heading\" data-id=\"850f99f\" data-element_type=\"widget\" data-e-type=\"widget\" data-widget_type=\"heading.default\">\n\t\t\t\t<div class=\"elementor-widget-container\">\n\t\t\t\t\t<div class=\"elementor-heading-title elementor-size-default\">Para los financiadores<\/div>\t\t\t\t<\/div>\n\t\t\t\t<\/div>\n\t\t\t\t<div class=\"elementor-element elementor-element-8eabb1b elementor-invisible elementor-widget elementor-widget-heading\" data-id=\"8eabb1b\" data-element_type=\"widget\" data-e-type=\"widget\" data-settings=\"{&quot;_animation&quot;:&quot;fadeInUp&quot;}\" data-widget_type=\"heading.default\">\n\t\t\t\t<div class=\"elementor-widget-container\">\n\t\t\t\t\t<h1 class=\"elementor-heading-title elementor-size-default\">C\u00f3mo colaboramos con los financiadores<\/h1>\t\t\t\t<\/div>\n\t\t\t\t<\/div>\n\t\t\t\t<div class=\"elementor-element elementor-element-9a04328 elementor-widget__width-initial elementor-invisible elementor-widget elementor-widget-text-editor\" data-id=\"9a04328\" data-element_type=\"widget\" data-e-type=\"widget\" data-settings=\"{&quot;_animation&quot;:&quot;fadeInUp&quot;,&quot;_animation_delay&quot;:200}\" data-widget_type=\"text-editor.default\">\n\t\t\t\t<div class=\"elementor-widget-container\">\n\t\t\t\t\t\t\t\t\t<p>La Resilience Initiative se asocia con fundaciones alineadas con los valores que se comprometen a invertir en la capacidad de sus beneficiarios, as\u00ed como en su resiliencia personal y operativa.<\/p>\t\t\t\t\t\t\t\t<\/div>\n\t\t\t\t<\/div>\n\t\t\t\t\t<\/div>\n\t\t\t\t<\/div>\n\t\t<div class=\"elementor-element elementor-element-92e6379 e-con-full e-flex e-con e-child\" data-id=\"92e6379\" data-element_type=\"container\" data-e-type=\"container\">\n\t\t<div class=\"elementor-element elementor-element-ed988e3 e-grid e-con-full e-con e-child\" data-id=\"ed988e3\" data-element_type=\"container\" data-e-type=\"container\">\n\t\t<div class=\"elementor-element elementor-element-f234bed e-con-full elementor-container-spacing-box-l e-flex e-con e-child\" data-id=\"f234bed\" data-element_type=\"container\" data-e-type=\"container\" data-settings=\"{&quot;container_padding&quot;:&quot;box-l&quot;,&quot;background_background&quot;:&quot;classic&quot;}\">\n\t\t\t\t<div class=\"elementor-element elementor-element-9ea1770 elementor-widget elementor-widget-heading\" data-id=\"9ea1770\" data-element_type=\"widget\" data-e-type=\"widget\" data-widget_type=\"heading.default\">\n\t\t\t\t<div class=\"elementor-widget-container\">\n\t\t\t\t\t<h3 class=\"elementor-heading-title elementor-size-default\">Refuerzo de las capacidades centrado en las personas\n<\/h3>\t\t\t\t<\/div>\n\t\t\t\t<\/div>\n\t\t\t\t<div class=\"elementor-element elementor-element-699f9c0 elementor-widget elementor-widget-text-editor\" data-id=\"699f9c0\" data-element_type=\"widget\" data-e-type=\"widget\" data-widget_type=\"text-editor.default\">\n\t\t\t\t<div class=\"elementor-widget-container\">\n\t\t\t\t\t\t\t\t\t<p>Los financiadores pueden asociarse con Resilience Initiative para garantizar que las organizaciones tengan acceso a nuestras talleres de fortalecimiento de la capacidad centradas en las personas, que incluyen coaching 1:1, cohortes de pares, apoyo al bienestar y mucho m\u00e1s.<\/p>\t\t\t\t\t\t\t\t<\/div>\n\t\t\t\t<\/div>\n\t\t\t\t<\/div>\n\t\t<div class=\"elementor-element elementor-element-0c2e2bf e-con-full elementor-container-spacing-box-l e-flex e-con e-child\" data-id=\"0c2e2bf\" data-element_type=\"container\" data-e-type=\"container\" data-settings=\"{&quot;container_padding&quot;:&quot;box-l&quot;,&quot;background_background&quot;:&quot;classic&quot;}\">\n\t\t\t\t<div class=\"elementor-element elementor-element-d4b0916 elementor-widget elementor-widget-heading\" data-id=\"d4b0916\" data-element_type=\"widget\" data-e-type=\"widget\" data-widget_type=\"heading.default\">\n\t\t\t\t<div class=\"elementor-widget-container\">\n\t\t\t\t\t<h3 class=\"elementor-heading-title elementor-size-default\">Subvenciones basadas en la confianza<\/h3>\t\t\t\t<\/div>\n\t\t\t\t<\/div>\n\t\t\t\t<div class=\"elementor-element elementor-element-ea72506 elementor-widget elementor-widget-text-editor\" data-id=\"ea72506\" data-element_type=\"widget\" data-e-type=\"widget\" data-widget_type=\"text-editor.default\">\n\t\t\t\t<div class=\"elementor-widget-container\">\n\t\t\t\t\t\t\t\t\t<p>Los financiadores pueden asociarse con Resilience Initiative para gestionar y conceder subvenciones de fortalecimiento de capacidades y bienestar que apoyen la resiliencia del personal y de la organizaci\u00f3n. Nuestro enfoque de concesi\u00f3n de subvenciones basado en la confianza se centra en la facilidad y la flexibilidad, al tiempo que proporciona apoyo personalizado para ayudar a los beneficiarios a identificar prioridades y opciones de consultor\u00eda.<span style=\"font-weight: 400;\">.<br \/><\/span><br \/>\u00bfDesea saber m\u00e1s sobre c\u00f3mo financiar el fortalecimiento de la capacidad basada en la confianza, o recibir apoyo para elaborar su propio enfoque de concesi\u00f3n de subvenciones? Nuestros socios de la <a href=\"https:\/\/theleaderstrust.org\/what-we-do\/thrive-advisory-service\/\" data-wplink-edit=\"true\" target=\"_blank\" rel=\"noopener noreferrer nofollow\">Servicios de asesoramiento Thrive<\/a> de la <a href=\"https:\/\/theleaderstrust.org\/\" target=\"_blank\" rel=\"noopener noreferrer nofollow\">LeadersTrust<\/a> - Holly Delany Cole y Paula Morris - pueden informar, asesorar y orientar sus esfuerzos.<\/p>\t\t\t\t\t\t\t\t<\/div>\n\t\t\t\t<\/div>\n\t\t\t\t<div class=\"elementor-element elementor-element-23621c6 elementor-widget elementor-widget-image\" data-id=\"23621c6\" data-element_type=\"widget\" data-e-type=\"widget\" data-widget_type=\"image.default\">\n\t\t\t\t<div class=\"elementor-widget-container\">\n\t\t\t\t\t\t\t\t\t\t\t\t\t\t\t\t<a href=\"https:\/\/theleaderstrust.org\/what-we-do\/thrive-advisory-service\/\" target=\"_blank\" rel=\"noopener noreferrer nofollow\">\n\t\t\t\t\t\t\t<img fetchpriority=\"high\" decoding=\"async\" width=\"600\" height=\"92\" src=\"https:\/\/resilienceinitiative.org\/wp-content\/uploads\/2025\/07\/0ED5A133-F3E6-40DE-9FDC-484BD6C906B6.jpg\" class=\"attachment-large size-large wp-image-5719\" alt=\"Thrive Advisory Service\" srcset=\"https:\/\/resilienceinitiative.org\/wp-content\/uploads\/2025\/07\/0ED5A133-F3E6-40DE-9FDC-484BD6C906B6.jpg 600w, https:\/\/resilienceinitiative.org\/wp-content\/uploads\/2025\/07\/0ED5A133-F3E6-40DE-9FDC-484BD6C906B6-300x46.jpg 300w, https:\/\/resilienceinitiative.org\/wp-content\/uploads\/2025\/07\/0ED5A133-F3E6-40DE-9FDC-484BD6C906B6-18x3.jpg 18w\" sizes=\"(max-width: 600px) 100vw, 600px\" \/>\t\t\t\t\t\t\t\t<\/a>\n\t\t\t\t\t\t\t\t\t\t\t\t\t\t\t<\/div>\n\t\t\t\t<\/div>\n\t\t\t\t<\/div>\n\t\t<div class=\"elementor-element elementor-element-f4b9119 e-con-full elementor-container-spacing-box-l e-flex e-con e-child\" data-id=\"f4b9119\" data-element_type=\"container\" data-e-type=\"container\" data-settings=\"{&quot;container_padding&quot;:&quot;box-l&quot;,&quot;background_background&quot;:&quot;classic&quot;}\">\n\t\t\t\t<div class=\"elementor-element elementor-element-c6168fb elementor-widget elementor-widget-heading\" data-id=\"c6168fb\" data-element_type=\"widget\" data-e-type=\"widget\" data-widget_type=\"heading.default\">\n\t\t\t\t<div class=\"elementor-widget-container\">\n\t\t\t\t\t<h3 class=\"elementor-heading-title elementor-size-default\">Aumentar la financiaci\u00f3n disponible para capacidad y bienestar<\/h3>\t\t\t\t<\/div>\n\t\t\t\t<\/div>\n\t\t\t\t<div class=\"elementor-element elementor-element-611348a elementor-widget elementor-widget-text-editor\" data-id=\"611348a\" data-element_type=\"widget\" data-e-type=\"widget\" data-widget_type=\"text-editor.default\">\n\t\t\t\t<div class=\"elementor-widget-container\">\n\t\t\t\t\t\t\t\t\t<p><span style=\"font-weight: 400;\">En Resilience Initiative nos comprometemos a aprender, a compartir nuestros conocimientos con nuestros hom\u00f3logos y a aumentar la financiaci\u00f3n disponible para el fortalecimiento de la capacidad y el bienestar. Acogemos con agrado la participaci\u00f3n de los financiadores y nos complace compartir nuestra experiencia en este campo para ayudar a sus propias subvenciones y talleres en materia de capacidad.<\/span><\/p>\t\t\t\t\t\t\t\t<\/div>\n\t\t\t\t<\/div>\n\t\t\t\t<\/div>\n\t\t\t\t<\/div>\n\t\t\t\t<\/div>\n\t\t<div class=\"elementor-element elementor-element-99cdfec e-con-full e-flex e-con e-child\" data-id=\"99cdfec\" data-element_type=\"container\" data-e-type=\"container\">\n\t\t\t\t<div class=\"elementor-element elementor-element-3eba8e7 elementor-widget__width-initial elementor-widget elementor-widget-heading\" data-id=\"3eba8e7\" data-element_type=\"widget\" data-e-type=\"widget\" data-widget_type=\"heading.default\">\n\t\t\t\t<div class=\"elementor-widget-container\">\n\t\t\t\t\t<h2 class=\"elementor-heading-title elementor-size-default\">Si desea m\u00e1s informaci\u00f3n, env\u00edenos un correo electr\u00f3nico a<\/h2>\t\t\t\t<\/div>\n\t\t\t\t<\/div>\n\t\t\t\t<div class=\"elementor-element elementor-element-f7178aa elementor-widget elementor-widget-button\" data-id=\"f7178aa\" data-element_type=\"widget\" data-e-type=\"widget\" data-widget_type=\"button.default\">\n\t\t\t\t<div class=\"elementor-widget-container\">\n\t\t\t\t\t\t\t\t\t<div class=\"elementor-button-wrapper\">\n\t\t\t\t\t<a class=\"elementor-button elementor-button-link elementor-size-sm\" href=\"mailto:info@resilienceinitiative.org\" target=\"_blank\">\n\t\t\t\t\t\t<span class=\"elementor-button-content-wrapper\">\n\t\t\t\t\t\t<span class=\"elementor-button-icon\">\n\t\t\t\t<svg aria-hidden=\"true\" class=\"e-font-icon-svg e-fas-arrow-right\" viewbox=\"0 0 448 512\" xmlns=\"http:\/\/www.w3.org\/2000\/svg\"><path d=\"M190.5 66.9l22.2-22.2c9.4-9.4 24.6-9.4 33.9 0L441 239c9.4 9.4 9.4 24.6 0 33.9L246.6 467.3c-9.4 9.4-24.6 9.4-33.9 0l-22.2-22.2c-9.5-9.5-9.3-25 .4-34.3L311.4 296H24c-13.3 0-24-10.7-24-24v-32c0-13.3 10.7-24 24-24h287.4L190.9 101.2c-9.8-9.3-10-24.8-.4-34.3z\"><\/path><\/svg>\t\t\t<\/span>\n\t\t\t\t\t\t\t\t\t<span class=\"elementor-button-text\">info@resilienceinitiative.org<\/span>\n\t\t\t\t\t<\/span>\n\t\t\t\t\t<\/a>\n\t\t\t\t<\/div>\n\t\t\t\t\t\t\t\t<\/div>\n\t\t\t\t<\/div>\n\t\t\t\t<\/div>\n\t\t\t\t\t<\/div>\n\t\t\t\t<\/div>\n\t\t\t\t<\/div>","protected":false},"excerpt":{"rendered":"<p>For Funders The Resilience Initiative partners with values-aligned foundations that are committed to investing in their grantees\u2019 capacity, as well as their personal and operational resilience. People-centered capacity strengthening Funders can partner with the Resilience Initiative to ensure that organizations have access to our people-centered capacity strengthening offerings including 1:1 coaching, peer cohorts, wellness support, [&hellip;]<\/p>\n","protected":false},"author":10,"featured_media":1686,"parent":0,"menu_order":11,"comment_status":"closed","ping_status":"closed","template":"","meta":{"_acf_changed":false,"_seopress_robots_primary_cat":"","_seopress_titles_title":"","_seopress_titles_desc":"","_seopress_robots_index":"","footnotes":""},"class_list":["post-3196","page","type-page","status-publish","has-post-thumbnail","hentry"],"acf":[],"_links":{"self":[{"href":"https:\/\/resilienceinitiative.org\/es\/wp-json\/wp\/v2\/pages\/3196","targetHints":{"allow":["GET"]}}],"collection":[{"href":"https:\/\/resilienceinitiative.org\/es\/wp-json\/wp\/v2\/pages"}],"about":[{"href":"https:\/\/resilienceinitiative.org\/es\/wp-json\/wp\/v2\/types\/page"}],"author":[{"embeddable":true,"href":"https:\/\/resilienceinitiative.org\/es\/wp-json\/wp\/v2\/users\/10"}],"replies":[{"embeddable":true,"href":"https:\/\/resilienceinitiative.org\/es\/wp-json\/wp\/v2\/comments?post=3196"}],"version-history":[{"count":10,"href":"https:\/\/resilienceinitiative.org\/es\/wp-json\/wp\/v2\/pages\/3196\/revisions"}],"predecessor-version":[{"id":5722,"href":"https:\/\/resilienceinitiative.org\/es\/wp-json\/wp\/v2\/pages\/3196\/revisions\/5722"}],"wp:featuredmedia":[{"embeddable":true,"href":"https:\/\/resilienceinitiative.org\/es\/wp-json\/wp\/v2\/media\/1686"}],"wp:attachment":[{"href":"https:\/\/resilienceinitiative.org\/es\/wp-json\/wp\/v2\/media?parent=3196"}],"curies":[{"name":"wp","href":"https:\/\/api.w.org\/{rel}","templated":true}]}}