{"id":3704,"date":"2025-03-10T21:21:42","date_gmt":"2025-03-10T21:21:42","guid":{"rendered":"https:\/\/resilienceinitiative.org\/?page_id=3704"},"modified":"2025-05-19T03:26:48","modified_gmt":"2025-05-19T03:26:48","slug":"faqs","status":"publish","type":"page","link":"https:\/\/resilienceinitiative.org\/es\/for-participants\/faqs\/","title":{"rendered":"Preguntas frecuentes"},"content":{"rendered":"<div data-elementor-type=\"wp-page\" data-elementor-id=\"3704\" class=\"elementor elementor-3704\" data-elementor-post-type=\"page\">\n\t\t\t\t<div class=\"elementor-element elementor-element-248bea4 ri-bg-yellow-med elementor-container-spacing-section-l e-flex e-con-boxed e-con e-parent\" data-id=\"248bea4\" data-element_type=\"container\" data-e-type=\"container\" data-settings=\"{&quot;container_padding&quot;:&quot;section-l&quot;}\">\n\t\t\t\t\t<div class=\"e-con-inner\">\n\t\t<div class=\"elementor-element elementor-element-588f388 e-flex e-con-boxed e-con e-child\" data-id=\"588f388\" data-element_type=\"container\" data-e-type=\"container\">\n\t\t\t\t\t<div class=\"e-con-inner\">\n\t\t\t\t<div class=\"elementor-element elementor-element-b7d2937 elementor-widget__width-initial elementor-widget elementor-widget-template\" data-id=\"b7d2937\" data-element_type=\"widget\" data-e-type=\"widget\" data-widget_type=\"template.default\">\n\t\t\t\t<div class=\"elementor-widget-container\">\n\t\t\t\t\t\t\t<div class=\"elementor-template\">\n\t\t\t\t\t<div data-elementor-type=\"container\" data-elementor-id=\"1632\" class=\"elementor elementor-1632\" data-elementor-post-type=\"elementor_library\">\n\t\t\t\t<div class=\"elementor-element elementor-element-3eb3fd8f e-flex e-con-boxed e-con e-parent\" data-id=\"3eb3fd8f\" data-element_type=\"container\" data-e-type=\"container\" data-settings=\"{&quot;background_background&quot;:&quot;classic&quot;}\">\n\t\t\t\t\t<div class=\"e-con-inner\">\n\t\t\t\t<div class=\"elementor-element elementor-element-43a6f9d1 elementor-widget elementor-widget-heading\" data-id=\"43a6f9d1\" data-element_type=\"widget\" data-e-type=\"widget\" data-widget_type=\"heading.default\">\n\t\t\t\t<div class=\"elementor-widget-container\">\n\t\t\t\t\t<h2 class=\"elementor-heading-title elementor-size-default\">C\u00f3mo empezar Preguntas frecuentes<\/h2>\t\t\t\t<\/div>\n\t\t\t\t<\/div>\n\t\t\t\t<div class=\"elementor-element elementor-element-6d607fd5 faq elementor-widget elementor-widget-n-accordion\" data-id=\"6d607fd5\" data-element_type=\"widget\" data-e-type=\"widget\" data-settings=\"{&quot;default_state&quot;:&quot;all_collapsed&quot;,&quot;max_items_expended&quot;:&quot;one&quot;,&quot;n_accordion_animation_duration&quot;:{&quot;unit&quot;:&quot;ms&quot;,&quot;size&quot;:400,&quot;sizes&quot;:[]}}\" data-widget_type=\"nested-accordion.default\">\n\t\t\t\t<div class=\"elementor-widget-container\">\n\t\t\t\t\t\t\t<div class=\"e-n-accordion\" aria-label=\"Acorde\u00f3n. Abra los enlaces con Intro o Espacio, ci\u00e9rrelos con Escape y navegue con las teclas de flecha.\">\n\t\t\t\t\t\t<details id=\"e-n-accordion-item-1830\" class=\"e-n-accordion-item\" >\n\t\t\t\t<summary class=\"e-n-accordion-item-title\" data-accordion-index=\"1\" tabindex=\"0\" aria-expanded=\"false\" aria-controls=\"e-n-accordion-item-1830\" >\n\t\t\t\t\t<span class='e-n-accordion-item-title-header'><div class=\"e-n-accordion-item-title-text\"> \u00bfC\u00f3mo puedo acceder a las talleres de Resilience Initiative (RI)?  <\/div><\/span>\n\t\t\t\t\t\t\t<span class='e-n-accordion-item-title-icon'>\n\t\t\t<span class='e-opened' ><svg aria-hidden=\"true\" class=\"e-font-icon-svg e-fas-minus\" viewbox=\"0 0 448 512\" xmlns=\"http:\/\/www.w3.org\/2000\/svg\"><path d=\"M416 208H32c-17.67 0-32 14.33-32 32v32c0 17.67 14.33 32 32 32h384c17.67 0 32-14.33 32-32v-32c0-17.67-14.33-32-32-32z\"><\/path><\/svg><\/span>\n\t\t\t<span class='e-closed'><svg aria-hidden=\"true\" class=\"e-font-icon-svg e-fas-plus\" viewbox=\"0 0 448 512\" xmlns=\"http:\/\/www.w3.org\/2000\/svg\"><path d=\"M416 208H272V64c0-17.67-14.33-32-32-32h-32c-17.67 0-32 14.33-32 32v144H32c-17.67 0-32 14.33-32 32v32c0 17.67 14.33 32 32 32h144v144c0 17.67 14.33 32 32 32h32c17.67 0 32-14.33 32-32V304h144c17.67 0 32-14.33 32-32v-32c0-17.67-14.33-32-32-32z\"><\/path><\/svg><\/span>\n\t\t<\/span>\n\n\t\t\t\t\t\t<\/summary>\n\t\t\t\t<div role=\"region\" aria-labelledby=\"e-n-accordion-item-1830\" class=\"elementor-element elementor-element-579ecb0d e-con-full e-flex e-con e-child\" data-id=\"579ecb0d\" data-element_type=\"container\" data-e-type=\"container\">\n\t\t<div role=\"region\" aria-labelledby=\"e-n-accordion-item-1830\" class=\"elementor-element elementor-element-692e40de elementor-container-spacing-box-m e-flex e-con-boxed e-con e-child\" data-id=\"692e40de\" data-element_type=\"container\" data-e-type=\"container\" data-settings=\"{&quot;container_padding&quot;:&quot;box-m&quot;}\">\n\t\t\t\t\t<div class=\"e-con-inner\">\n\t\t\t\t<div class=\"elementor-element elementor-element-1757e98 elementor-widget elementor-widget-text-editor\" data-id=\"1757e98\" data-element_type=\"widget\" data-e-type=\"widget\" data-widget_type=\"text-editor.default\">\n\t\t\t\t<div class=\"elementor-widget-container\">\n\t\t\t\t\t\t\t\t\t<p>Para poder inscribirse en nuestros programas, debe ser invitado por uno de nuestros socios filantr\u00f3picos, como la Fundaci\u00f3n Packard, LeadersTrust, Collaborative for Gender and Reproductive Equity, la Fundaci\u00f3n Hewlett y la Fundaci\u00f3n Ford. Si no est\u00e1 seguro de si su organizaci\u00f3n ha recibido una invitaci\u00f3n, p\u00f3ngase en contacto con <a href=\"mailto:info@resilienceinitiative.org\">info@resilienceinitiative.org<\/a><\/p><p>Una vez que su organizaci\u00f3n haya sido invitada a participar en la Resilience Initiative, puede rellenar el formulario <a href=\"https:\/\/resilienceinitiative.org\/es\/start-here\/\">formulario de solicitud de acceso<\/a>. En un plazo de 48 horas, un miembro del equipo de Resilience se pondr\u00e1 en contacto contigo por correo electr\u00f3nico para indicarte los pasos a seguir y los datos de acceso. Tambi\u00e9n le animamos a <a href=\"https:\/\/resilienceinitiative.tfaforms.net\/8\" target=\"_blank\" rel=\"noopener noreferrer nofollow\">inscr\u00edbase para recibir el correo electr\u00f3nico quincenal<\/a> para estar al d\u00eda de las nuevas talleres.<\/p>\t\t\t\t\t\t\t\t<\/div>\n\t\t\t\t<\/div>\n\t\t\t\t\t<\/div>\n\t\t\t\t<\/div>\n\t\t\t\t<\/div>\n\t\t\t\t\t<\/details>\n\t\t\t\t\t\t<details id=\"e-n-accordion-item-1831\" class=\"e-n-accordion-item\" >\n\t\t\t\t<summary class=\"e-n-accordion-item-title\" data-accordion-index=\"2\" tabindex=\"-1\" aria-expanded=\"false\" aria-controls=\"e-n-accordion-item-1831\" >\n\t\t\t\t\t<span class='e-n-accordion-item-title-header'><div class=\"e-n-accordion-item-title-text\"> \u00bfTiene alg\u00fan costo participar e inscribirse en Resilience Initiative? <\/div><\/span>\n\t\t\t\t\t\t\t<span class='e-n-accordion-item-title-icon'>\n\t\t\t<span class='e-opened' ><svg aria-hidden=\"true\" class=\"e-font-icon-svg e-fas-minus\" viewbox=\"0 0 448 512\" xmlns=\"http:\/\/www.w3.org\/2000\/svg\"><path d=\"M416 208H32c-17.67 0-32 14.33-32 32v32c0 17.67 14.33 32 32 32h384c17.67 0 32-14.33 32-32v-32c0-17.67-14.33-32-32-32z\"><\/path><\/svg><\/span>\n\t\t\t<span class='e-closed'><svg aria-hidden=\"true\" class=\"e-font-icon-svg e-fas-plus\" viewbox=\"0 0 448 512\" xmlns=\"http:\/\/www.w3.org\/2000\/svg\"><path d=\"M416 208H272V64c0-17.67-14.33-32-32-32h-32c-17.67 0-32 14.33-32 32v144H32c-17.67 0-32 14.33-32 32v32c0 17.67 14.33 32 32 32h144v144c0 17.67 14.33 32 32 32h32c17.67 0 32-14.33 32-32V304h144c17.67 0 32-14.33 32-32v-32c0-17.67-14.33-32-32-32z\"><\/path><\/svg><\/span>\n\t\t<\/span>\n\n\t\t\t\t\t\t<\/summary>\n\t\t\t\t<div role=\"region\" aria-labelledby=\"e-n-accordion-item-1831\" class=\"elementor-element elementor-element-6768a37d e-con-full e-flex e-con e-child\" data-id=\"6768a37d\" data-element_type=\"container\" data-e-type=\"container\">\n\t\t<div role=\"region\" aria-labelledby=\"e-n-accordion-item-1831\" class=\"elementor-element elementor-element-595192d2 elementor-container-spacing-box-m e-flex e-con-boxed e-con e-child\" data-id=\"595192d2\" data-element_type=\"container\" data-e-type=\"container\" data-settings=\"{&quot;container_padding&quot;:&quot;box-m&quot;}\">\n\t\t\t\t\t<div class=\"e-con-inner\">\n\t\t\t\t<div class=\"elementor-element elementor-element-23681946 elementor-widget elementor-widget-text-editor\" data-id=\"23681946\" data-element_type=\"widget\" data-e-type=\"widget\" data-widget_type=\"text-editor.default\">\n\t\t\t\t<div class=\"elementor-widget-container\">\n\t\t\t\t\t\t\t\t\t<p>\u00a1Buena noticia! El socio filantr\u00f3pico que te ha invitado cubre los costos de tu participaci\u00f3n organizativa, incluyendo: coaching, talleres, cohortes y mucho m\u00e1s. As\u00ed que participar en nuestras talleres no le supondr\u00e1 ning\u00fan costo.<\/p><p>De vez en cuando, nos asociamos con organizaciones de desarrollo de capacidades alineadas con nuestros valores, cuyo trabajo admiramos y cuyas talleres complementan las nuestras. Los miembros pueden beneficiarse de importantes descuentos en la estructura de tarifas de nuestros socios. Encontrar\u00e1 toda esta informaci\u00f3n y m\u00e1s en nuestra plataforma web exclusiva para miembros. Recuerde rellenar nuestro formulario \"<a href=\"https:\/\/resilienceinitiative.org\/es\/start-here\/\">Solicitar acceso<\/a>\"para acceder.<\/p>\t\t\t\t\t\t\t\t<\/div>\n\t\t\t\t<\/div>\n\t\t\t\t\t<\/div>\n\t\t\t\t<\/div>\n\t\t\t\t<\/div>\n\t\t\t\t\t<\/details>\n\t\t\t\t\t\t<details id=\"e-n-accordion-item-1832\" class=\"e-n-accordion-item\" >\n\t\t\t\t<summary class=\"e-n-accordion-item-title\" data-accordion-index=\"3\" tabindex=\"-1\" aria-expanded=\"false\" aria-controls=\"e-n-accordion-item-1832\" >\n\t\t\t\t\t<span class='e-n-accordion-item-title-header'><div class=\"e-n-accordion-item-title-text\"> \u00bfQui\u00e9n puede inscribirse en las Ofertas de Resilience Initiative? <\/div><\/span>\n\t\t\t\t\t\t\t<span class='e-n-accordion-item-title-icon'>\n\t\t\t<span class='e-opened' ><svg aria-hidden=\"true\" class=\"e-font-icon-svg e-fas-minus\" viewbox=\"0 0 448 512\" xmlns=\"http:\/\/www.w3.org\/2000\/svg\"><path d=\"M416 208H32c-17.67 0-32 14.33-32 32v32c0 17.67 14.33 32 32 32h384c17.67 0 32-14.33 32-32v-32c0-17.67-14.33-32-32-32z\"><\/path><\/svg><\/span>\n\t\t\t<span class='e-closed'><svg aria-hidden=\"true\" class=\"e-font-icon-svg e-fas-plus\" viewbox=\"0 0 448 512\" xmlns=\"http:\/\/www.w3.org\/2000\/svg\"><path d=\"M416 208H272V64c0-17.67-14.33-32-32-32h-32c-17.67 0-32 14.33-32 32v144H32c-17.67 0-32 14.33-32 32v32c0 17.67 14.33 32 32 32h144v144c0 17.67 14.33 32 32 32h32c17.67 0 32-14.33 32-32V304h144c17.67 0 32-14.33 32-32v-32c0-17.67-14.33-32-32-32z\"><\/path><\/svg><\/span>\n\t\t<\/span>\n\n\t\t\t\t\t\t<\/summary>\n\t\t\t\t<div role=\"region\" aria-labelledby=\"e-n-accordion-item-1832\" class=\"elementor-element elementor-element-60351229 e-con-full e-flex e-con e-child\" data-id=\"60351229\" data-element_type=\"container\" data-e-type=\"container\">\n\t\t<div role=\"region\" aria-labelledby=\"e-n-accordion-item-1832\" class=\"elementor-element elementor-element-37234a5d elementor-container-spacing-box-m e-flex e-con-boxed e-con e-child\" data-id=\"37234a5d\" data-element_type=\"container\" data-e-type=\"container\" data-settings=\"{&quot;container_padding&quot;:&quot;box-m&quot;}\">\n\t\t\t\t\t<div class=\"e-con-inner\">\n\t\t\t\t<div class=\"elementor-element elementor-element-7919fdb elementor-widget elementor-widget-text-editor\" data-id=\"7919fdb\" data-element_type=\"widget\" data-e-type=\"widget\" data-widget_type=\"text-editor.default\">\n\t\t\t\t<div class=\"elementor-widget-container\">\n\t\t\t\t\t\t\t\t\t<p>Todo el personal de las organizaciones miembro puede inscribirse. Nuestros programas est\u00e1n dise\u00f1ados para servir a TODOS los miembros del personal, independientemente de su funci\u00f3n. Damos la bienvenida a todo el personal de todos los niveles, independientemente de su cargo, posici\u00f3n, permanencia o funci\u00f3n, a la mayor\u00eda de nuestras talleres, con algunas excepciones.\u00a0<\/p><p>Indicaremos cu\u00e1ndo una oferta es adecuada para personas con determinadas funciones, como desarrollo \/ movilizaci\u00f3n de recursos o comunicaciones, mientras que otras pueden estar dise\u00f1adas para directores de educaci\u00f3n, etc. Tenga en cuenta tambi\u00e9n que nuestras cohortes pueden tener un proceso de solicitud y dar prioridad al personal de organizaciones con presupuestos espec\u00edficos.<\/p><p>Adem\u00e1s, no hay un n\u00famero m\u00ednimo o m\u00e1ximo de talleres por persona. Anticipamos que algunos miembros del personal pueden ser m\u00e1s activos en Resilience Initiative, mientras que otros pueden participar ocasionalmente en funci\u00f3n de su disponibilidad. \u00a1Todo el mundo es bienvenido! Todo el mundo es bienvenido, \u00a1sin presiones! Estamos aqu\u00ed para ayudar cuando y si nos necesitas.<\/p>\t\t\t\t\t\t\t\t<\/div>\n\t\t\t\t<\/div>\n\t\t\t\t\t<\/div>\n\t\t\t\t<\/div>\n\t\t\t\t<\/div>\n\t\t\t\t\t<\/details>\n\t\t\t\t\t\t<details id=\"e-n-accordion-item-1833\" class=\"e-n-accordion-item\" >\n\t\t\t\t<summary class=\"e-n-accordion-item-title\" data-accordion-index=\"4\" tabindex=\"-1\" aria-expanded=\"false\" aria-controls=\"e-n-accordion-item-1833\" >\n\t\t\t\t\t<span class='e-n-accordion-item-title-header'><div class=\"e-n-accordion-item-title-text\"> \u00bfA qui\u00e9n se define como \"personal\"? <\/div><\/span>\n\t\t\t\t\t\t\t<span class='e-n-accordion-item-title-icon'>\n\t\t\t<span class='e-opened' ><svg aria-hidden=\"true\" class=\"e-font-icon-svg e-fas-minus\" viewbox=\"0 0 448 512\" xmlns=\"http:\/\/www.w3.org\/2000\/svg\"><path d=\"M416 208H32c-17.67 0-32 14.33-32 32v32c0 17.67 14.33 32 32 32h384c17.67 0 32-14.33 32-32v-32c0-17.67-14.33-32-32-32z\"><\/path><\/svg><\/span>\n\t\t\t<span class='e-closed'><svg aria-hidden=\"true\" class=\"e-font-icon-svg e-fas-plus\" viewbox=\"0 0 448 512\" xmlns=\"http:\/\/www.w3.org\/2000\/svg\"><path d=\"M416 208H272V64c0-17.67-14.33-32-32-32h-32c-17.67 0-32 14.33-32 32v144H32c-17.67 0-32 14.33-32 32v32c0 17.67 14.33 32 32 32h144v144c0 17.67 14.33 32 32 32h32c17.67 0 32-14.33 32-32V304h144c17.67 0 32-14.33 32-32v-32c0-17.67-14.33-32-32-32z\"><\/path><\/svg><\/span>\n\t\t<\/span>\n\n\t\t\t\t\t\t<\/summary>\n\t\t\t\t<div role=\"region\" aria-labelledby=\"e-n-accordion-item-1833\" class=\"elementor-element elementor-element-73bb8b4 e-flex e-con-boxed e-con e-child\" data-id=\"73bb8b4\" data-element_type=\"container\" data-e-type=\"container\">\n\t\t\t\t\t<div class=\"e-con-inner\">\n\t\t<div role=\"region\" aria-labelledby=\"e-n-accordion-item-1833\" class=\"elementor-element elementor-element-bbac7c9 elementor-container-spacing-box-m e-con-full e-flex e-con e-child\" data-id=\"bbac7c9\" data-element_type=\"container\" data-e-type=\"container\" data-settings=\"{&quot;container_padding&quot;:&quot;box-m&quot;}\">\n\t\t\t\t<div class=\"elementor-element elementor-element-37759e9 elementor-widget elementor-widget-text-editor\" data-id=\"37759e9\" data-element_type=\"widget\" data-e-type=\"widget\" data-widget_type=\"text-editor.default\">\n\t\t\t\t<div class=\"elementor-widget-container\">\n\t\t\t\t\t\t\t\t\t<p>Adem\u00e1s de <strong>a tiempo completo<\/strong> <strong>empleados<\/strong>, su <strong>personal a tiempo parcial<\/strong> tambi\u00e9n son elegibles. Sin embargo, deben ser funcionarios y no estar clasificados como consultores, contratistas o voluntarios.<\/p><p>Lo ideal es que los que se inscriban tengan una direcci\u00f3n de correo electr\u00f3nico que refleje el dominio de la organizaci\u00f3n y no un correo personal como Gmail. Se puede hacer una excepci\u00f3n si una organizaci\u00f3n se encuentra en la fase de puesta en marcha y nadie tiene todav\u00eda un dominio de correo electr\u00f3nico de la organizaci\u00f3n.<\/p><p>Una vez que el empleado deja de pertenecer a la organizaci\u00f3n, ya no puede optar a nuestras talleres. La afiliaci\u00f3n no se transfiere con ellos, ya que est\u00e1 vinculada a la organizaci\u00f3n.<\/p><p><strong>De vez en cuando nos preguntan si un miembro de la Junta puede participar.<\/strong> Agradecemos su participaci\u00f3n en talleres como talleres virtuales o una oportunidad de cohorte relacionada con su papel como miembro del consejo, y eso se indicar\u00e1 en los materiales de comunicaci\u00f3n. Por ejemplo, hemos ofrecido un taller sobre la creaci\u00f3n de un consejo antirracista en el que se anim\u00f3 a los miembros del consejo a participar junto con el personal.<\/p><p>Sabemos que su organizaci\u00f3n puede existir dentro de redes, alianzas, coaliciones y otros colectivos del espacio del movimiento, \u00a1lo cual nos encanta y apreciamos! Sin embargo, el acceso a nuestras talleres s\u00f3lo est\u00e1 disponible para el personal empleado en su organizaci\u00f3n. Si alguna vez tenemos una oferta abierta a un p\u00fablico m\u00e1s amplio, se lo haremos saber.<\/p>\t\t\t\t\t\t\t\t<\/div>\n\t\t\t\t<\/div>\n\t\t\t\t<\/div>\n\t\t\t\t\t<\/div>\n\t\t\t\t<\/div>\n\t\t\t\t\t<\/details>\n\t\t\t\t\t\t<details id=\"e-n-accordion-item-1834\" class=\"e-n-accordion-item\" >\n\t\t\t\t<summary class=\"e-n-accordion-item-title\" data-accordion-index=\"5\" tabindex=\"-1\" aria-expanded=\"false\" aria-controls=\"e-n-accordion-item-1834\" >\n\t\t\t\t\t<span class='e-n-accordion-item-title-header'><div class=\"e-n-accordion-item-title-text\"> \u00bfAlguna de sus talleres est\u00e1 disponible en idiomas distintos del ingl\u00e9s? <\/div><\/span>\n\t\t\t\t\t\t\t<span class='e-n-accordion-item-title-icon'>\n\t\t\t<span class='e-opened' ><svg aria-hidden=\"true\" class=\"e-font-icon-svg e-fas-minus\" viewbox=\"0 0 448 512\" xmlns=\"http:\/\/www.w3.org\/2000\/svg\"><path d=\"M416 208H32c-17.67 0-32 14.33-32 32v32c0 17.67 14.33 32 32 32h384c17.67 0 32-14.33 32-32v-32c0-17.67-14.33-32-32-32z\"><\/path><\/svg><\/span>\n\t\t\t<span class='e-closed'><svg aria-hidden=\"true\" class=\"e-font-icon-svg e-fas-plus\" viewbox=\"0 0 448 512\" xmlns=\"http:\/\/www.w3.org\/2000\/svg\"><path d=\"M416 208H272V64c0-17.67-14.33-32-32-32h-32c-17.67 0-32 14.33-32 32v144H32c-17.67 0-32 14.33-32 32v32c0 17.67 14.33 32 32 32h144v144c0 17.67 14.33 32 32 32h32c17.67 0 32-14.33 32-32V304h144c17.67 0 32-14.33 32-32v-32c0-17.67-14.33-32-32-32z\"><\/path><\/svg><\/span>\n\t\t<\/span>\n\n\t\t\t\t\t\t<\/summary>\n\t\t\t\t<div role=\"region\" aria-labelledby=\"e-n-accordion-item-1834\" class=\"elementor-element elementor-element-44e12fe e-flex e-con-boxed e-con e-child\" data-id=\"44e12fe\" data-element_type=\"container\" data-e-type=\"container\">\n\t\t\t\t\t<div class=\"e-con-inner\">\n\t\t<div role=\"region\" aria-labelledby=\"e-n-accordion-item-1834\" class=\"elementor-element elementor-element-702e6bc elementor-container-spacing-box-m e-con-full e-flex e-con e-child\" data-id=\"702e6bc\" data-element_type=\"container\" data-e-type=\"container\" data-settings=\"{&quot;container_padding&quot;:&quot;box-m&quot;}\">\n\t\t\t\t<div class=\"elementor-element elementor-element-6c45bd7 elementor-widget elementor-widget-text-editor\" data-id=\"6c45bd7\" data-element_type=\"widget\" data-e-type=\"widget\" data-widget_type=\"text-editor.default\">\n\t\t\t\t<div class=\"elementor-widget-container\">\n\t\t\t\t\t\t\t\t\t<p>Tenemos un n\u00famero creciente de talleres disponibles en espa\u00f1ol: coaching, talleres, y ocasionalmente abrimos un grupo de coaching entre pares. Para inscribirse en el coaching, por favor rellene este <a href=\"https:\/\/resilienceinitiative.tfaforms.net\/3\" target=\"_blank\" rel=\"noopener noreferrer nofollow\">Formulario Coaching 1:1<\/a>.<\/p><p>De vez en cuando, ofreceremos distintos talleres en ingl\u00e9s y espa\u00f1ol, con interpretaci\u00f3n simult\u00e1nea.<\/p>\t\t\t\t\t\t\t\t<\/div>\n\t\t\t\t<\/div>\n\t\t\t\t<\/div>\n\t\t\t\t\t<\/div>\n\t\t\t\t<\/div>\n\t\t\t\t\t<\/details>\n\t\t\t\t\t\t<details id=\"e-n-accordion-item-1835\" class=\"e-n-accordion-item\" >\n\t\t\t\t<summary class=\"e-n-accordion-item-title\" data-accordion-index=\"6\" tabindex=\"-1\" aria-expanded=\"false\" aria-controls=\"e-n-accordion-item-1835\" >\n\t\t\t\t\t<span class='e-n-accordion-item-title-header'><div class=\"e-n-accordion-item-title-text\"> \u00bfCu\u00e1nto tiempo podr\u00e1 permanecer mi organizaci\u00f3n en Resilience Initiative? \u00bfDepende de la subvenci\u00f3n de la fundaci\u00f3n que me ha invitado? <\/div><\/span>\n\t\t\t\t\t\t\t<span class='e-n-accordion-item-title-icon'>\n\t\t\t<span class='e-opened' ><svg aria-hidden=\"true\" class=\"e-font-icon-svg e-fas-minus\" viewbox=\"0 0 448 512\" xmlns=\"http:\/\/www.w3.org\/2000\/svg\"><path d=\"M416 208H32c-17.67 0-32 14.33-32 32v32c0 17.67 14.33 32 32 32h384c17.67 0 32-14.33 32-32v-32c0-17.67-14.33-32-32-32z\"><\/path><\/svg><\/span>\n\t\t\t<span class='e-closed'><svg aria-hidden=\"true\" class=\"e-font-icon-svg e-fas-plus\" viewbox=\"0 0 448 512\" xmlns=\"http:\/\/www.w3.org\/2000\/svg\"><path d=\"M416 208H272V64c0-17.67-14.33-32-32-32h-32c-17.67 0-32 14.33-32 32v144H32c-17.67 0-32 14.33-32 32v32c0 17.67 14.33 32 32 32h144v144c0 17.67 14.33 32 32 32h32c17.67 0 32-14.33 32-32V304h144c17.67 0 32-14.33 32-32v-32c0-17.67-14.33-32-32-32z\"><\/path><\/svg><\/span>\n\t\t<\/span>\n\n\t\t\t\t\t\t<\/summary>\n\t\t\t\t<div role=\"region\" aria-labelledby=\"e-n-accordion-item-1835\" class=\"elementor-element elementor-element-810a5d5 e-flex e-con-boxed e-con e-child\" data-id=\"810a5d5\" data-element_type=\"container\" data-e-type=\"container\">\n\t\t\t\t\t<div class=\"e-con-inner\">\n\t\t<div role=\"region\" aria-labelledby=\"e-n-accordion-item-1835\" class=\"elementor-element elementor-element-845b968 elementor-container-spacing-box-m e-con-full e-flex e-con e-child\" data-id=\"845b968\" data-element_type=\"container\" data-e-type=\"container\" data-settings=\"{&quot;container_padding&quot;:&quot;box-m&quot;}\">\n\t\t\t\t<div class=\"elementor-element elementor-element-f07739b elementor-widget elementor-widget-text-editor\" data-id=\"f07739b\" data-element_type=\"widget\" data-e-type=\"widget\" data-widget_type=\"text-editor.default\">\n\t\t\t\t<div class=\"elementor-widget-container\">\n\t\t\t\t\t\t\t\t\t<p>La duraci\u00f3n de su participaci\u00f3n en Resilience Initiative depender\u00e1 del socio filantr\u00f3pico que patrocine su participaci\u00f3n. A veces tomar\u00e1n la decisi\u00f3n bas\u00e1ndose en el estado actual de su subvenci\u00f3n, otras veces depender\u00e1 de su presupuesto y de sus prioridades filantr\u00f3picas. Los socios filantr\u00f3picos pueden ampliar su patrocinio de su participaci\u00f3n si saben que usted participa activamente en nuestras talleres. En cualquier caso, haremos todo lo posible por informarle con antelaci\u00f3n de cu\u00e1l puede ser el horizonte para que pueda planificar su participaci\u00f3n en consecuencia. <\/p>\t\t\t\t\t\t\t\t<\/div>\n\t\t\t\t<\/div>\n\t\t\t\t<\/div>\n\t\t\t\t\t<\/div>\n\t\t\t\t<\/div>\n\t\t\t\t\t<\/details>\n\t\t\t\t\t<\/div>\n\t\t\t\t\t\t<\/div>\n\t\t\t\t<\/div>\n\t\t\t\t\t<\/div>\n\t\t\t\t<\/div>\n\t\t\t\t<\/div>\n\t\t\t\t<\/div>\n\t\t\t\t\t\t<\/div>\n\t\t\t\t<\/div>\n\t\t\t\t\t<\/div>\n\t\t\t\t<\/div>\n\t\t\t\t\t<\/div>\n\t\t\t\t<\/div>\n\t\t\t\t<\/div>","protected":false},"excerpt":{"rendered":"","protected":false},"author":10,"featured_media":1686,"parent":3382,"menu_order":30,"comment_status":"closed","ping_status":"closed","template":"","meta":{"_acf_changed":false,"_seopress_robots_primary_cat":"","_seopress_titles_title":"","_seopress_titles_desc":"","_seopress_robots_index":"","footnotes":""},"class_list":["post-3704","page","type-page","status-publish","has-post-thumbnail","hentry"],"acf":[],"_links":{"self":[{"href":"https:\/\/resilienceinitiative.org\/es\/wp-json\/wp\/v2\/pages\/3704","targetHints":{"allow":["GET"]}}],"collection":[{"href":"https:\/\/resilienceinitiative.org\/es\/wp-json\/wp\/v2\/pages"}],"about":[{"href":"https:\/\/resilienceinitiative.org\/es\/wp-json\/wp\/v2\/types\/page"}],"author":[{"embeddable":true,"href":"https:\/\/resilienceinitiative.org\/es\/wp-json\/wp\/v2\/users\/10"}],"replies":[{"embeddable":true,"href":"https:\/\/resilienceinitiative.org\/es\/wp-json\/wp\/v2\/comments?post=3704"}],"version-history":[{"count":10,"href":"https:\/\/resilienceinitiative.org\/es\/wp-json\/wp\/v2\/pages\/3704\/revisions"}],"predecessor-version":[{"id":4580,"href":"https:\/\/resilienceinitiative.org\/es\/wp-json\/wp\/v2\/pages\/3704\/revisions\/4580"}],"up":[{"embeddable":true,"href":"https:\/\/resilienceinitiative.org\/es\/wp-json\/wp\/v2\/pages\/3382"}],"wp:featuredmedia":[{"embeddable":true,"href":"https:\/\/resilienceinitiative.org\/es\/wp-json\/wp\/v2\/media\/1686"}],"wp:attachment":[{"href":"https:\/\/resilienceinitiative.org\/es\/wp-json\/wp\/v2\/media?parent=3704"}],"curies":[{"name":"wp","href":"https:\/\/api.w.org\/{rel}","templated":true}]}}