{"id":433,"date":"2024-09-11T18:21:28","date_gmt":"2024-09-11T18:21:28","guid":{"rendered":"https:\/\/resilienceinitiative.org\/?page_id=433"},"modified":"2025-05-16T18:35:45","modified_gmt":"2025-05-16T18:35:45","slug":"home","status":"publish","type":"page","link":"https:\/\/resilienceinitiative.org\/es\/","title":{"rendered":"Inicio"},"content":{"rendered":"<div data-elementor-type=\"wp-page\" data-elementor-id=\"433\" class=\"elementor elementor-433\" data-elementor-post-type=\"page\">\n\t\t\t\t<div class=\"elementor-element elementor-element-bfc2f5d ri-bg-beige e-con-full e-flex e-con e-parent\" data-id=\"bfc2f5d\" data-element_type=\"container\" data-e-type=\"container\">\n\t\t<div class=\"elementor-element elementor-element-03064db e-con-full e-grid elementor-container-spacing-section-l e-con e-child\" data-id=\"03064db\" data-element_type=\"container\" data-e-type=\"container\" data-settings=\"{&quot;container_padding&quot;:&quot;section-l&quot;}\">\n\t\t<div class=\"elementor-element elementor-element-0e9aa79 e-con-full e-flex elementor-invisible e-con e-child\" data-id=\"0e9aa79\" data-element_type=\"container\" data-e-type=\"container\" data-settings=\"{&quot;animation&quot;:&quot;fadeIn&quot;,&quot;animation_delay&quot;:200}\">\n\t\t\t\t<div class=\"elementor-element elementor-element-aea39d1 elementor-absolute elementor-widget elementor-widget-shortcode\" data-id=\"aea39d1\" data-element_type=\"widget\" data-e-type=\"widget\" data-settings=\"{&quot;_position&quot;:&quot;absolute&quot;}\" data-widget_type=\"shortcode.default\">\n\t\t\t\t<div class=\"elementor-widget-container\">\n\t\t\t\t\t\t\t<div class=\"elementor-shortcode\"><div class=\"flower gradient-180 size-m\">\n                <svg><use href=\"#flower\"><\/use><\/svg>\n                <svg><use href=\"#stem\"><\/use><\/svg>\n            <\/div><\/div>\n\t\t\t\t\t\t<\/div>\n\t\t\t\t<\/div>\n\t\t\t\t<div class=\"elementor-element elementor-element-9c6664f elementor-absolute elementor-widget elementor-widget-shortcode\" data-id=\"9c6664f\" data-element_type=\"widget\" data-e-type=\"widget\" data-settings=\"{&quot;_position&quot;:&quot;absolute&quot;}\" data-widget_type=\"shortcode.default\">\n\t\t\t\t<div class=\"elementor-widget-container\">\n\t\t\t\t\t\t\t<div class=\"elementor-shortcode\"><div class=\"flower gradient-270 size-l\">\n                <svg><use href=\"#flower\"><\/use><\/svg>\n                <svg><use href=\"#stem\"><\/use><\/svg>\n            <\/div><\/div>\n\t\t\t\t\t\t<\/div>\n\t\t\t\t<\/div>\n\t\t\t\t<div class=\"elementor-element elementor-element-8d5e363 elementor-absolute elementor-widget elementor-widget-shortcode\" data-id=\"8d5e363\" data-element_type=\"widget\" data-e-type=\"widget\" data-settings=\"{&quot;_position&quot;:&quot;absolute&quot;}\" data-widget_type=\"shortcode.default\">\n\t\t\t\t<div class=\"elementor-widget-container\">\n\t\t\t\t\t\t\t<div class=\"elementor-shortcode\"><div class=\"flower gradient-270 size-l\">\n                <svg><use href=\"#flower\"><\/use><\/svg>\n                <svg><use href=\"#stem\"><\/use><\/svg>\n            <\/div><\/div>\n\t\t\t\t\t\t<\/div>\n\t\t\t\t<\/div>\n\t\t\t\t<\/div>\n\t\t<div class=\"elementor-element elementor-element-6ef2fa6 e-con-full e-flex e-con e-child\" data-id=\"6ef2fa6\" data-element_type=\"container\" data-e-type=\"container\">\n\t\t\t\t<div class=\"elementor-element elementor-element-6efb332 elementor-widget__width-auto elementor-absolute mp-seeds-hp elementor-hidden-mobile elementor-widget elementor-widget-image\" data-id=\"6efb332\" data-element_type=\"widget\" data-e-type=\"widget\" data-settings=\"{&quot;_position&quot;:&quot;absolute&quot;}\" data-widget_type=\"image.default\">\n\t\t\t\t<div class=\"elementor-widget-container\">\n\t\t\t\t\t\t\t\t\t\t\t\t\t\t\t<img fetchpriority=\"high\" decoding=\"async\" width=\"800\" height=\"315\" src=\"https:\/\/resilienceinitiative.org\/wp-content\/uploads\/2024\/10\/dandelion-flowing-1024x403.png\" class=\"attachment-large size-large wp-image-2302\" alt=\"flowing dandelion seeds\" srcset=\"https:\/\/resilienceinitiative.org\/wp-content\/uploads\/2024\/10\/dandelion-flowing-1024x403.png 1024w, https:\/\/resilienceinitiative.org\/wp-content\/uploads\/2024\/10\/dandelion-flowing-300x118.png 300w, https:\/\/resilienceinitiative.org\/wp-content\/uploads\/2024\/10\/dandelion-flowing-768x302.png 768w, https:\/\/resilienceinitiative.org\/wp-content\/uploads\/2024\/10\/dandelion-flowing-1536x604.png 1536w, https:\/\/resilienceinitiative.org\/wp-content\/uploads\/2024\/10\/dandelion-flowing-18x7.png 18w, https:\/\/resilienceinitiative.org\/wp-content\/uploads\/2024\/10\/dandelion-flowing.png 1568w\" sizes=\"(max-width: 800px) 100vw, 800px\" \/>\t\t\t\t\t\t\t\t\t\t\t\t\t\t\t<\/div>\n\t\t\t\t<\/div>\n\t\t\t\t<div class=\"elementor-element elementor-element-a9a6d6a text-balance elementor-invisible elementor-widget elementor-widget-heading\" data-id=\"a9a6d6a\" data-element_type=\"widget\" data-e-type=\"widget\" data-settings=\"{&quot;_animation&quot;:&quot;fadeInUp&quot;}\" data-widget_type=\"heading.default\">\n\t\t\t\t<div class=\"elementor-widget-container\">\n\t\t\t\t\t<h2 class=\"elementor-heading-title elementor-size-default\"><span style=\"font-size: 27.2px\">Talleres de fortalecimiento y capacitaci\u00f3n para el bienestar y cuidado<\/span><br><span style=\"font-size: 27.2px\">de las personas<\/span><br><span style=\"font-size: 27.2px\">y las organizaciones<\/span><br><span style=\"font-size: 27.2px\">que lideran el cambio social<\/span><span style=\"color: inherit;font-size: 1.7rem\"><\/span><\/h2>\t\t\t\t<\/div>\n\t\t\t\t<\/div>\n\t\t\t\t<div class=\"elementor-element elementor-element-a5a5860 elementor-invisible elementor-widget elementor-widget-button\" data-id=\"a5a5860\" data-element_type=\"widget\" data-e-type=\"widget\" data-settings=\"{&quot;_animation&quot;:&quot;fadeInUp&quot;,&quot;_animation_delay&quot;:200}\" data-widget_type=\"button.default\">\n\t\t\t\t<div class=\"elementor-widget-container\">\n\t\t\t\t\t\t\t\t\t<div class=\"elementor-button-wrapper\">\n\t\t\t\t\t<a class=\"elementor-button elementor-button-link elementor-size-sm\" href=\"https:\/\/resilienceinitiative.org\/es\/start-here\/\">\n\t\t\t\t\t\t<span class=\"elementor-button-content-wrapper\">\n\t\t\t\t\t\t<span class=\"elementor-button-icon\">\n\t\t\t\t<svg aria-hidden=\"true\" class=\"e-font-icon-svg e-fas-arrow-right\" viewbox=\"0 0 448 512\" xmlns=\"http:\/\/www.w3.org\/2000\/svg\"><path d=\"M190.5 66.9l22.2-22.2c9.4-9.4 24.6-9.4 33.9 0L441 239c9.4 9.4 9.4 24.6 0 33.9L246.6 467.3c-9.4 9.4-24.6 9.4-33.9 0l-22.2-22.2c-9.5-9.5-9.3-25 .4-34.3L311.4 296H24c-13.3 0-24-10.7-24-24v-32c0-13.3 10.7-24 24-24h287.4L190.9 101.2c-9.8-9.3-10-24.8-.4-34.3z\"><\/path><\/svg>\t\t\t<\/span>\n\t\t\t\t\t\t\t\t\t<span class=\"elementor-button-text\">C\u00f3mo empezar<\/span>\n\t\t\t\t\t<\/span>\n\t\t\t\t\t<\/a>\n\t\t\t\t<\/div>\n\t\t\t\t\t\t\t\t<\/div>\n\t\t\t\t<\/div>\n\t\t\t\t<\/div>\n\t\t<div class=\"elementor-element elementor-element-cef50fc e-con-full e-flex elementor-invisible e-con e-child\" data-id=\"cef50fc\" data-element_type=\"container\" data-e-type=\"container\" data-settings=\"{&quot;animation&quot;:&quot;fadeIn&quot;,&quot;animation_delay&quot;:200}\">\n\t\t\t\t<div class=\"elementor-element elementor-element-ff2298d elementor-absolute elementor-widget elementor-widget-shortcode\" data-id=\"ff2298d\" data-element_type=\"widget\" data-e-type=\"widget\" data-settings=\"{&quot;_position&quot;:&quot;absolute&quot;}\" data-widget_type=\"shortcode.default\">\n\t\t\t\t<div class=\"elementor-widget-container\">\n\t\t\t\t\t\t\t<div class=\"elementor-shortcode\"><div class=\"flower gradient-180 size-m\">\n                <svg><use href=\"#flower\"><\/use><\/svg>\n                \n            <\/div><\/div>\n\t\t\t\t\t\t<\/div>\n\t\t\t\t<\/div>\n\t\t\t\t<div class=\"elementor-element elementor-element-3afdd43 elementor-absolute elementor-widget elementor-widget-shortcode\" data-id=\"3afdd43\" data-element_type=\"widget\" data-e-type=\"widget\" data-settings=\"{&quot;_position&quot;:&quot;absolute&quot;}\" data-widget_type=\"shortcode.default\">\n\t\t\t\t<div class=\"elementor-widget-container\">\n\t\t\t\t\t\t\t<div class=\"elementor-shortcode\"><div class=\"flower gradient-270 size-l\">\n                <svg><use href=\"#flower\"><\/use><\/svg>\n                <svg><use href=\"#stem\"><\/use><\/svg>\n            <\/div><\/div>\n\t\t\t\t\t\t<\/div>\n\t\t\t\t<\/div>\n\t\t\t\t<div class=\"elementor-element elementor-element-79d8c33 elementor-absolute elementor-widget elementor-widget-shortcode\" data-id=\"79d8c33\" data-element_type=\"widget\" data-e-type=\"widget\" data-settings=\"{&quot;_position&quot;:&quot;absolute&quot;}\" data-widget_type=\"shortcode.default\">\n\t\t\t\t<div class=\"elementor-widget-container\">\n\t\t\t\t\t\t\t<div class=\"elementor-shortcode\"><div class=\"flower gradient-180 size-m\">\n                <svg><use href=\"#flower\"><\/use><\/svg>\n                <svg><use href=\"#stem\"><\/use><\/svg>\n            <\/div><\/div>\n\t\t\t\t\t\t<\/div>\n\t\t\t\t<\/div>\n\t\t\t\t<div class=\"elementor-element elementor-element-f3dfe60 elementor-absolute elementor-widget elementor-widget-shortcode\" data-id=\"f3dfe60\" data-element_type=\"widget\" data-e-type=\"widget\" data-settings=\"{&quot;_position&quot;:&quot;absolute&quot;}\" data-widget_type=\"shortcode.default\">\n\t\t\t\t<div class=\"elementor-widget-container\">\n\t\t\t\t\t\t\t<div class=\"elementor-shortcode\"><div class=\"flower gradient-0 size-l\">\n                <svg><use href=\"#flower\"><\/use><\/svg>\n                <svg><use href=\"#stem\"><\/use><\/svg>\n            <\/div><\/div>\n\t\t\t\t\t\t<\/div>\n\t\t\t\t<\/div>\n\t\t\t\t<\/div>\n\t\t\t\t<\/div>\n\t\t<div class=\"elementor-element elementor-element-203ff77 elementor-container-spacing-section-l e-flex e-con-boxed e-con e-child\" data-id=\"203ff77\" data-element_type=\"container\" data-e-type=\"container\" data-settings=\"{&quot;container_padding&quot;:&quot;section-l&quot;}\">\n\t\t\t\t\t<div class=\"e-con-inner\">\n\t\t\t\t<div class=\"elementor-element elementor-element-98a3017 elementor-invisible elementor-widget elementor-widget-heading\" data-id=\"98a3017\" data-element_type=\"widget\" data-e-type=\"widget\" data-settings=\"{&quot;_animation&quot;:&quot;fadeInUp&quot;}\" data-widget_type=\"heading.default\">\n\t\t\t\t<div class=\"elementor-widget-container\">\n\t\t\t\t\t<h2 class=\"elementor-heading-title elementor-size-default\">Resilience Initiative en pocas palabras<\/h2>\t\t\t\t<\/div>\n\t\t\t\t<\/div>\n\t\t<div class=\"elementor-element elementor-element-18c4332 e-grid e-con-full e-con e-child\" data-id=\"18c4332\" data-element_type=\"container\" data-e-type=\"container\">\n\t\t<div class=\"elementor-element elementor-element-737874f e-con-full elementor-container-spacing-box-l e-flex e-con e-child\" data-id=\"737874f\" data-element_type=\"container\" data-e-type=\"container\" data-settings=\"{&quot;container_padding&quot;:&quot;box-l&quot;,&quot;background_background&quot;:&quot;classic&quot;}\">\n\t\t\t\t<div class=\"elementor-element elementor-element-9b7ad46 elementor-widget elementor-widget-heading\" data-id=\"9b7ad46\" data-element_type=\"widget\" data-e-type=\"widget\" data-widget_type=\"heading.default\">\n\t\t\t\t<div class=\"elementor-widget-container\">\n\t\t\t\t\t<h3 class=\"elementor-heading-title elementor-size-default\">Lo que Ofrecemos<\/h3>\t\t\t\t<\/div>\n\t\t\t\t<\/div>\n\t\t\t\t<div class=\"elementor-element elementor-element-9cf7dee elementor-widget elementor-widget-text-editor\" data-id=\"9cf7dee\" data-element_type=\"widget\" data-e-type=\"widget\" data-widget_type=\"text-editor.default\">\n\t\t\t\t<div class=\"elementor-widget-container\">\n\t\t\t\t\t\t\t\t\t<p>Nuestros servicios son f\u00e1ciles de acceder, est\u00e1n dise\u00f1ados con atenci\u00f3n a la equidad e informados por necesidades presentes, e incluyen coaching individual, talleres virtuales facilitados en vivo, cohortes de aprendizaje en grupo en l\u00ednea colectivos, talleres de bienestar, promociones de descuentos exclusivos y oportunidades para recibir estipendios financieros por participaci\u00f3n en programas de empoderamiento, formaci\u00f3n y bienestar.<\/p>\t\t\t\t\t\t\t\t<\/div>\n\t\t\t\t<\/div>\n\t\t\t\t<\/div>\n\t\t<div class=\"elementor-element elementor-element-c2cb4bc e-con-full elementor-container-spacing-box-l e-flex e-con e-child\" data-id=\"c2cb4bc\" data-element_type=\"container\" data-e-type=\"container\" data-settings=\"{&quot;container_padding&quot;:&quot;box-l&quot;,&quot;background_background&quot;:&quot;classic&quot;}\">\n\t\t\t\t<div class=\"elementor-element elementor-element-dec9b16 elementor-widget elementor-widget-heading\" data-id=\"dec9b16\" data-element_type=\"widget\" data-e-type=\"widget\" data-widget_type=\"heading.default\">\n\t\t\t\t<div class=\"elementor-widget-container\">\n\t\t\t\t\t<h3 class=\"elementor-heading-title elementor-size-default\">Nuestros participantes<\/h3>\t\t\t\t<\/div>\n\t\t\t\t<\/div>\n\t\t\t\t<div class=\"elementor-element elementor-element-5944ce8 elementor-widget elementor-widget-text-editor\" data-id=\"5944ce8\" data-element_type=\"widget\" data-e-type=\"widget\" data-widget_type=\"text-editor.default\">\n\t\t\t\t<div class=\"elementor-widget-container\">\n\t\t\t\t\t\t\t\t\t<p>Todo el personal de las organizaciones que reciban una invitaci\u00f3n de uno de nuestros socios de fundaci\u00f3n tiene acceso a nuestras talleres. Actualmente, el personal de m\u00e1s de 600 organizaciones sin \u00e1nimo de lucro de Estados Unidos puede participar.<\/p>\t\t\t\t\t\t\t\t<\/div>\n\t\t\t\t<\/div>\n\t\t\t\t<\/div>\n\t\t<div class=\"elementor-element elementor-element-334ab95 e-con-full elementor-container-spacing-box-l e-flex e-con e-child\" data-id=\"334ab95\" data-element_type=\"container\" data-e-type=\"container\" data-settings=\"{&quot;container_padding&quot;:&quot;box-l&quot;,&quot;background_background&quot;:&quot;classic&quot;}\">\n\t\t\t\t<div class=\"elementor-element elementor-element-e33eff0 elementor-widget elementor-widget-heading\" data-id=\"e33eff0\" data-element_type=\"widget\" data-e-type=\"widget\" data-widget_type=\"heading.default\">\n\t\t\t\t<div class=\"elementor-widget-container\">\n\t\t\t\t\t<h3 class=\"elementor-heading-title elementor-size-default\"><span style=\"font-size: 25.6758px\">Nuestras fundaciones asociadas<\/span><\/h3>\t\t\t\t<\/div>\n\t\t\t\t<\/div>\n\t\t\t\t<div class=\"elementor-element elementor-element-a5f8d6e elementor-widget elementor-widget-text-editor\" data-id=\"a5f8d6e\" data-element_type=\"widget\" data-e-type=\"widget\" data-widget_type=\"text-editor.default\">\n\t\t\t\t<div class=\"elementor-widget-container\">\n\t\t\t\t\t\t\t\t\t<p>Nuestras fundaciones asociadas est\u00e1n comprometidas tanto con la resiliencia operativa como con el bienestar personal . Las fundaciones patrocinan a sus beneficiarios para que participen en Resilience Initiative como parte de su compromiso con el bienestar y la sostenibilidad de las personas y organizaciones a las que apoyan.<\/p>\t\t\t\t\t\t\t\t<\/div>\n\t\t\t\t<\/div>\n\t\t\t\t<\/div>\n\t\t\t\t<\/div>\n\t\t\t\t\t<\/div>\n\t\t\t\t<\/div>\n\t\t<div class=\"elementor-element elementor-element-58952c4 elementor-container-spacing-section-l e-flex e-con-boxed e-con e-child\" data-id=\"58952c4\" data-element_type=\"container\" data-e-type=\"container\" data-settings=\"{&quot;container_padding&quot;:&quot;section-l&quot;}\">\n\t\t\t\t\t<div class=\"e-con-inner\">\n\t\t\t\t<div class=\"elementor-element elementor-element-59a4c37 elementor-invisible elementor-widget elementor-widget-heading\" data-id=\"59a4c37\" data-element_type=\"widget\" data-e-type=\"widget\" data-settings=\"{&quot;_animation&quot;:&quot;fadeInUp&quot;}\" data-widget_type=\"heading.default\">\n\t\t\t\t<div class=\"elementor-widget-container\">\n\t\t\t\t\t<h2 class=\"elementor-heading-title elementor-size-default\">Resiliencia personal y organizativa<\/h2>\t\t\t\t<\/div>\n\t\t\t\t<\/div>\n\t\t\t\t<div class=\"elementor-element elementor-element-166eb0b elementor-widget elementor-widget-text-editor\" data-id=\"166eb0b\" data-element_type=\"widget\" data-e-type=\"widget\" data-widget_type=\"text-editor.default\">\n\t\t\t\t<div class=\"elementor-widget-container\">\n\t\t\t\t\t\t\t\t\t<p>Nuestras talleres est\u00e1n dise\u00f1adas para guiar a los participantes en el aprendizaje de nuevas habilidades, la ampliaci\u00f3n de su pensamiento, la expansi\u00f3n de sus conocimientos, la profundizaci\u00f3n de sus conexiones y su bienestar personal.<\/p>\t\t\t\t\t\t\t\t<\/div>\n\t\t\t\t<\/div>\n\t\t\t\t<div class=\"elementor-element elementor-element-2c252d2 elementor-widget elementor-widget-template\" data-id=\"2c252d2\" data-element_type=\"widget\" data-e-type=\"widget\" data-widget_type=\"template.default\">\n\t\t\t\t<div class=\"elementor-widget-container\">\n\t\t\t\t\t\t\t<div class=\"elementor-template\">\n\t\t\t\t\t<div data-elementor-type=\"container\" data-elementor-id=\"848\" class=\"elementor elementor-848\" data-elementor-post-type=\"elementor_library\">\n\t\t\t\t<div class=\"elementor-element elementor-element-61c203dd e-con-full e-flex e-con e-child\" data-id=\"61c203dd\" data-element_type=\"container\" data-e-type=\"container\">\n\t\t<div class=\"elementor-element elementor-element-20977e70 e-con-full elementor-container-spacing-box-m e-flex e-con e-child\" data-id=\"20977e70\" data-element_type=\"container\" data-e-type=\"container\" data-settings=\"{&quot;container_padding&quot;:&quot;box-m&quot;,&quot;background_background&quot;:&quot;classic&quot;}\">\n\t\t\t\t<div class=\"elementor-element elementor-element-230b4f94 elementor-widget elementor-widget-heading\" data-id=\"230b4f94\" data-element_type=\"widget\" data-e-type=\"widget\" data-widget_type=\"heading.default\">\n\t\t\t\t<div class=\"elementor-widget-container\">\n\t\t\t\t\t<h3 class=\"elementor-heading-title elementor-size-default\">Talleres<\/h3>\t\t\t\t<\/div>\n\t\t\t\t<\/div>\n\t\t\t\t<div class=\"elementor-element elementor-element-5f2b97d0 elementor-widget elementor-widget-text-editor\" data-id=\"5f2b97d0\" data-element_type=\"widget\" data-e-type=\"widget\" data-widget_type=\"text-editor.default\">\n\t\t\t\t<div class=\"elementor-widget-container\">\n\t\t\t\t\t\t\t\t\t<p>Nuestras sesiones virtuales est\u00e1n dirigidas por expertos en sus campos que dise\u00f1an cuidadosamente oportunidades interactivas de aprendizaje entre pares sobre una amplia gama de temas relacionados con el desarrollo organizativo y el crecimiento personal.<\/p>\t\t\t\t\t\t\t\t<\/div>\n\t\t\t\t<\/div>\n\t\t\t\t<\/div>\n\t\t<div class=\"elementor-element elementor-element-68901d3b e-con-full elementor-container-spacing-box-m e-flex e-con e-child\" data-id=\"68901d3b\" data-element_type=\"container\" data-e-type=\"container\" data-settings=\"{&quot;container_padding&quot;:&quot;box-m&quot;,&quot;background_background&quot;:&quot;classic&quot;}\">\n\t\t\t\t<div class=\"elementor-element elementor-element-7d654609 elementor-widget elementor-widget-heading\" data-id=\"7d654609\" data-element_type=\"widget\" data-e-type=\"widget\" data-widget_type=\"heading.default\">\n\t\t\t\t<div class=\"elementor-widget-container\">\n\t\t\t\t\t<h3 class=\"elementor-heading-title elementor-size-default\">Coaching 1:1<\/h3>\t\t\t\t<\/div>\n\t\t\t\t<\/div>\n\t\t\t\t<div class=\"elementor-element elementor-element-502651d5 elementor-widget elementor-widget-text-editor\" data-id=\"502651d5\" data-element_type=\"widget\" data-e-type=\"widget\" data-widget_type=\"text-editor.default\">\n\t\t\t\t<div class=\"elementor-widget-container\">\n\t\t\t\t\t\t\t\t\t<p><span style=\"background-color: var( --e-global-color-e3aa018 ); text-align: var(--text-align); color: var( --e-global-color-text ); font-family: var( --e-global-typography-67cda58-font-family ), Inter, sans-serif; font-size: var( --e-global-typography-67cda58-font-size ); font-weight: var( --e-global-typography-67cda58-font-weight );\">Todos los participantes tienen acceso a coaching confidencial por parte de nuestra incre\u00edble red de coaches alineados con los valores, que cubren casi 20 \u00e1reas de inter\u00e9s diferentes.<\/span><\/p>\t\t\t\t\t\t\t\t<\/div>\n\t\t\t\t<\/div>\n\t\t\t\t<\/div>\n\t\t<div class=\"elementor-element elementor-element-35b8a811 e-con-full elementor-container-spacing-box-m e-flex e-con e-child\" data-id=\"35b8a811\" data-element_type=\"container\" data-e-type=\"container\" data-settings=\"{&quot;container_padding&quot;:&quot;box-m&quot;,&quot;background_background&quot;:&quot;classic&quot;}\">\n\t\t\t\t<div class=\"elementor-element elementor-element-60bd51c8 elementor-widget elementor-widget-heading\" data-id=\"60bd51c8\" data-element_type=\"widget\" data-e-type=\"widget\" data-widget_type=\"heading.default\">\n\t\t\t\t<div class=\"elementor-widget-container\">\n\t\t\t\t\t<h3 class=\"elementor-heading-title elementor-size-default\">Cohortes de pares<\/h3>\t\t\t\t<\/div>\n\t\t\t\t<\/div>\n\t\t\t\t<div class=\"elementor-element elementor-element-69d68c7a elementor-widget elementor-widget-text-editor\" data-id=\"69d68c7a\" data-element_type=\"widget\" data-e-type=\"widget\" data-widget_type=\"text-editor.default\">\n\t\t\t\t<div class=\"elementor-widget-container\">\n\t\t\t\t\t\t\t\t\t<p>\u00danete a un grupo de compa\u00f1eros para profundizar en un tema y construir una comunidad con otros movimientos. Las cohortes son oportunidades especiales para conectar, crear redes y aprender juntos en un entorno de apoyo...<\/p>\t\t\t\t\t\t\t\t<\/div>\n\t\t\t\t<\/div>\n\t\t\t\t<\/div>\n\t\t<div class=\"elementor-element elementor-element-b997a93 e-con-full elementor-container-spacing-box-m e-flex e-con e-child\" data-id=\"b997a93\" data-element_type=\"container\" data-e-type=\"container\" data-settings=\"{&quot;container_padding&quot;:&quot;box-m&quot;,&quot;background_background&quot;:&quot;classic&quot;}\">\n\t\t\t\t<div class=\"elementor-element elementor-element-49925d2 elementor-widget elementor-widget-heading\" data-id=\"49925d2\" data-element_type=\"widget\" data-e-type=\"widget\" data-widget_type=\"heading.default\">\n\t\t\t\t<div class=\"elementor-widget-container\">\n\t\t\t\t\t<h3 class=\"elementor-heading-title elementor-size-default\">Descuentos<\/h3>\t\t\t\t<\/div>\n\t\t\t\t<\/div>\n\t\t\t\t<div class=\"elementor-element elementor-element-72ce091 elementor-widget elementor-widget-text-editor\" data-id=\"72ce091\" data-element_type=\"widget\" data-e-type=\"widget\" data-widget_type=\"text-editor.default\">\n\t\t\t\t<div class=\"elementor-widget-container\">\n\t\t\t\t\t\t\t\t\t<p>Los participantes en Resilience Initiative tienen derecho a recibir entre 75% y 100% de talleres disponibles al p\u00fablico ofrecidos por nuestros socios alineados con los valores.<\/p>\t\t\t\t\t\t\t\t<\/div>\n\t\t\t\t<\/div>\n\t\t\t\t<\/div>\n\t\t<div class=\"elementor-element elementor-element-34d1039 e-con-full elementor-container-spacing-box-m e-flex e-con e-child\" data-id=\"34d1039\" data-element_type=\"container\" data-e-type=\"container\" data-settings=\"{&quot;container_padding&quot;:&quot;box-m&quot;,&quot;background_background&quot;:&quot;classic&quot;}\">\n\t\t\t\t<div class=\"elementor-element elementor-element-dee7e78 elementor-widget elementor-widget-heading\" data-id=\"dee7e78\" data-element_type=\"widget\" data-e-type=\"widget\" data-widget_type=\"heading.default\">\n\t\t\t\t<div class=\"elementor-widget-container\">\n\t\t\t\t\t<h3 class=\"elementor-heading-title elementor-size-default\">Coaching entre pares<\/h3>\t\t\t\t<\/div>\n\t\t\t\t<\/div>\n\t\t\t\t<div class=\"elementor-element elementor-element-42a4d55 elementor-widget elementor-widget-text-editor\" data-id=\"42a4d55\" data-element_type=\"widget\" data-e-type=\"widget\" data-widget_type=\"text-editor.default\">\n\t\t\t\t<div class=\"elementor-widget-container\">\n\t\t\t\t\t\t\t\t\t<p>\u00danete a un peque\u00f1o grupo de 5-7 compa\u00f1eros. Guiado de forma ligera por un facilitador experto, te reunir\u00e1s mensualmente para ofrecer y recibir apoyo en tiempo real y crecer en comunidad con los dem\u00e1s.<\/p>\t\t\t\t\t\t\t\t<\/div>\n\t\t\t\t<\/div>\n\t\t\t\t<\/div>\n\t\t\t\t<\/div>\n\t\t\t\t<\/div>\n\t\t\t\t<\/div>\n\t\t\t\t\t\t<\/div>\n\t\t\t\t<\/div>\n\t\t\t\t\t<\/div>\n\t\t\t\t<\/div>\n\t\t\t\t<\/div>\n\t\t<div class=\"elementor-element elementor-element-f1cda8f e-flex e-con-boxed e-con e-parent\" data-id=\"f1cda8f\" data-element_type=\"container\" data-e-type=\"container\">\n\t\t\t\t\t<div class=\"e-con-inner\">\n\t\t\t\t\t<\/div>\n\t\t\t\t<\/div>\n\t\t\t\t<\/div>","protected":false},"excerpt":{"rendered":"<p>Capacity Strengthening &amp; Wellness Offerings rooted in carefor the peopleand organizationsleading social change How to get started The Resilience Initiative at a Glance Our Offerings Easy-to-access, equity centered, and just-in-time support including 1:1 coaching, real-time virtual workshops, online peer learning groups and cohorts, wellness offerings, exclusive discounted partner trainings, and opportunities to apply for capacity [&hellip;]<\/p>\n","protected":false},"author":1,"featured_media":1686,"parent":0,"menu_order":0,"comment_status":"closed","ping_status":"closed","template":"","meta":{"_acf_changed":false,"_seopress_robots_primary_cat":"","_seopress_titles_title":"","_seopress_titles_desc":"","_seopress_robots_index":"","footnotes":""},"class_list":["post-433","page","type-page","status-publish","has-post-thumbnail","hentry"],"acf":[],"_links":{"self":[{"href":"https:\/\/resilienceinitiative.org\/es\/wp-json\/wp\/v2\/pages\/433","targetHints":{"allow":["GET"]}}],"collection":[{"href":"https:\/\/resilienceinitiative.org\/es\/wp-json\/wp\/v2\/pages"}],"about":[{"href":"https:\/\/resilienceinitiative.org\/es\/wp-json\/wp\/v2\/types\/page"}],"author":[{"embeddable":true,"href":"https:\/\/resilienceinitiative.org\/es\/wp-json\/wp\/v2\/users\/1"}],"replies":[{"embeddable":true,"href":"https:\/\/resilienceinitiative.org\/es\/wp-json\/wp\/v2\/comments?post=433"}],"version-history":[{"count":11,"href":"https:\/\/resilienceinitiative.org\/es\/wp-json\/wp\/v2\/pages\/433\/revisions"}],"predecessor-version":[{"id":5981,"href":"https:\/\/resilienceinitiative.org\/es\/wp-json\/wp\/v2\/pages\/433\/revisions\/5981"}],"wp:featuredmedia":[{"embeddable":true,"href":"https:\/\/resilienceinitiative.org\/es\/wp-json\/wp\/v2\/media\/1686"}],"wp:attachment":[{"href":"https:\/\/resilienceinitiative.org\/es\/wp-json\/wp\/v2\/media?parent=433"}],"curies":[{"name":"wp","href":"https:\/\/api.w.org\/{rel}","templated":true}]}}